{"id":83,"date":"2024-12-28T15:36:19","date_gmt":"2024-12-28T14:36:19","guid":{"rendered":"https:\/\/kow-bud.com\/?page_id=83"},"modified":"2025-01-05T13:16:58","modified_gmt":"2025-01-05T12:16:58","slug":"kontakt","status":"publish","type":"page","link":"https:\/\/kow-bud.com\/index.php\/kow-bud\/kontakt\/","title":{"rendered":"Kontakt"},"content":{"rendered":"<div class=\"brz-root__container brz-reset-all brz\">{{ brizy_dc_global_blocks position=&#8217;top&#8217; }}<\/p>\n<section id=\"{{placeholder content='e3sgcmFuZG9tX2lkIH19' key='y41OzD55PilV'}}_y41OzD55PilV\" class=\"brz-section brz-css-wKjCh\">\n<div class=\"brz-section__content brz-section--boxed brz-css-vvIoi brz-css-rXBui\" data-brz-custom-id=\"r5JRCGlWkS_1\">\n<div class=\"brz-container brz-css-cagPj\">\n<div class=\"brz-wrapper-clone brz-css-rJx52\">\n<div class=\"brz-d-xs-flex brz-flex-xs-wrap brz-css-plIfD\" data-brz-custom-id=\"\">\n<div class=\"brz-wrapper-clone__item\" id=\"o7nrFs802Pva\"><a class=\"brz-a brz-btn brz-css-bUYhh brz-css-xV2oc brz-css-ulPhT brz-css-yW3tR\" href=\"{{placeholder content='e3ticml6eV9kY19wZXJtYWxpbmsgcG9zdF9pZD0iNDgifX0='}}\" target=\"_self\" rel=\"noopener\" data-brz-link-type=\"page\" data-brz-custom-id=\"o7nrFs802Pva\"><svg class=\"brz-icon-svg align-[initial] brz-css-sO5aj\"><use href=\"\/wp-content\/plugins\/brizy\/public\/editor-build\/prod\/editor\/icons\/glyph\/tail-right.svg#nc_icon\"><\/use><\/svg><span data-brz-translate-text=\"1\" class=\"brz-span brz-text__editor\" contenteditable=\"false\">STRONA G\u0141\u00d3WNA<\/span><\/a><\/div>\n<\/div>\n<\/div>\n<div id=\"\" class=\"brz-css-gCSFC brz-wrapper\">\n<div class=\"brz-rich-text brz-rich-text__custom brz-css-ntJF2\" data-brz-custom-id=\"uoR4ML6pJ96f\">\n<div data-brz-translate-text=\"1\">\n<p class=\"brz-text-lg-center brz-tp-lg-paragraph brz-css-echEd\" data-generated-css=\"brz-css-xlqrA\" data-uniq-id=\"nJ2o0\">kowbudwasewo<span class=\"brz-pre-population-visible\">@gmail.com<\/span><\/p>\n<p class=\"brz-text-lg-center brz-tp-lg-paragraph brz-css-uQZvI\" data-generated-css=\"brz-css-hNH62\" data-uniq-id=\"nzrp2\">Tel . 501120058<\/p>\n<p class=\"brz-text-lg-center brz-tp-lg-paragraph brz-css-biyi3\" data-generated-css=\"brz-css-xa5FI\" data-uniq-id=\"jPtol\">Tel. 502053661<\/p>\n<p class=\"brz-text-lg-center brz-tp-lg-paragraph brz-css-m9Ty0\" data-generated-css=\"brz-css-tTATX\" data-uniq-id=\"sHoRe\">W\u0105sewo 07-311<\/p>\n<p class=\"brz-text-lg-center brz-tp-lg-paragraph brz-mt-lg-0 brz-mb-lg-0 brz-css-r5S9f\" data-generated-css=\"brz-css-pGrxl\" data-uniq-id=\"rPsNB\"><span style=\"color: rgb(0, 0, 0);\">Lipowa 20 <\/span><\/p>\n<p class=\"brz-text-lg-center brz-tp-lg-paragraph brz-mt-lg-0 brz-mb-lg-0 brz-css-mfIlE\" data-generated-css=\"brz-css-itxzE\" data-uniq-id=\"vf67F\"><span style=\"color: rgb(0, 0, 0);\">Sklep budowlany <\/span><\/p>\n<p class=\"brz-tp-lg-paragraph brz-text-lg-center brz-mt-lg-0 brz-mb-lg-0 brz-css-mxElQ\" data-generated-css=\"brz-css-itxzE\" data-uniq-id=\"vf67F\"><span style=\"color: rgb(0, 0, 0);\">Godziny otwarcia:<\/span><\/p>\n<p class=\"brz-tp-lg-paragraph brz-text-lg-center brz-mt-lg-0 brz-mb-lg-0 brz-css-aaIP4\" data-generated-css=\"brz-css-itxzE\" data-uniq-id=\"vf67F\"><strong style=\"color: rgb(0, 0, 0);\">Poniedzia\u0142ek:<\/strong><span style=\"color: rgb(0, 0, 0);\">&nbsp;7:00 \u2013 16:00<\/span><\/p>\n<p class=\"brz-tp-lg-paragraph brz-text-lg-center brz-mt-lg-0 brz-mb-lg-0 brz-css-qCwGs\" data-generated-css=\"brz-css-itxzE\" data-uniq-id=\"vf67F\"><strong style=\"color: rgb(0, 0, 0);\">Wtorek:<\/strong><span style=\"color: rgb(0, 0, 0);\">&nbsp;7:00 \u2013 16:00<\/span><\/p>\n<p class=\"brz-tp-lg-paragraph brz-text-lg-center brz-mt-lg-0 brz-mb-lg-0 brz-css-yFnNC\" data-generated-css=\"brz-css-itxzE\" data-uniq-id=\"vf67F\"><strong style=\"color: rgb(0, 0, 0);\">\u015aroda:<\/strong><span style=\"color: rgb(0, 0, 0);\">&nbsp;7:00 \u2013 16:00<\/span><\/p>\n<p class=\"brz-tp-lg-paragraph brz-text-lg-center brz-mt-lg-0 brz-mb-lg-0 brz-css-omElu\" data-generated-css=\"brz-css-itxzE\" data-uniq-id=\"vf67F\"><strong style=\"color: rgb(0, 0, 0);\">Czwartek:<\/strong><span style=\"color: rgb(0, 0, 0);\">&nbsp;7:00 \u2013 16:00<\/span><\/p>\n<p class=\"brz-tp-lg-paragraph brz-text-lg-center brz-mt-lg-0 brz-mb-lg-0 brz-css-aZ0C8\" data-generated-css=\"brz-css-itxzE\" data-uniq-id=\"vf67F\"><strong style=\"color: rgb(0, 0, 0);\">Pi\u0105tek:<\/strong><span style=\"color: rgb(0, 0, 0);\">&nbsp;7:00 \u2013 16:00<\/span><\/p>\n<p class=\"brz-tp-lg-paragraph brz-text-lg-center brz-mt-lg-0 brz-mb-lg-0 brz-css-kBnpC\" data-generated-css=\"brz-css-itxzE\" data-uniq-id=\"vf67F\"><strong style=\"color: rgb(0, 0, 0);\">Sobota:<\/strong><span style=\"color: rgb(0, 0, 0);\">&nbsp;7:00 \u2013 14:00<\/span><\/p>\n<p class=\"brz-tp-lg-paragraph brz-text-lg-center brz-mt-lg-0 brz-mb-lg-0 brz-css-v6klR\" data-generated-css=\"brz-css-itxzE\" data-uniq-id=\"vf67F\"><strong style=\"color: rgb(0, 0, 0);\">Niedziela:<\/strong><span style=\"color: rgb(0, 0, 0);\">&nbsp;Zamkni\u0119te <\/span><\/p>\n<p class=\"brz-tp-lg-paragraph brz-css-mTSxf\" data-generated-css=\"brz-css-mDCrW\" data-uniq-id=\"sOegR\"><\/p>\n<\/div>\n<\/div>\n<\/div>\n<\/div>\n<\/div>\n<\/section>\n<section id=\"{{placeholder content='e3sgcmFuZG9tX2lkIH19' key='jgejWecwkfOn'}}_jgejWecwkfOn\" class=\"brz-section brz-css-wKjCh\">\n<div class=\"brz-section__content brz-section--boxed brz-css-vvIoi brz-css-iAE0F\" data-brz-custom-id=\"oplb0Iz9Q4O7\">\n<div class=\"brz-container brz-css-cagPj\">\n<div id=\"\" class=\"brz-css-gCSFC brz-wrapper\">\n<div class=\"brz-map brz-map_styles brz-css-yhvDu\" data-brz-custom-id=\"jxxD6yEUxkVL\">\n<div class=\"brz-ui-ed-map-content\"><iframe class=\"intrinsic-ignore brz-ui-ed-iframe\" src=\"https:\/\/www.google.com\/maps\/embed\/v1\/place?key=AIzaSyCcywKcxXeMZiMwLDcLgyEnNglcLOyB_qw&amp;q=lipowa 20 w\u0105sewo 07-311&amp;zoom=15\" title=\"map\"><\/iframe><\/div>\n<\/div>\n<\/div>\n<\/div>\n<\/div>\n<\/section>\n<p>{{ brizy_dc_global_blocks position=&#8217;bottom&#8217; }}<\/p><\/div>\n<p>    <!-- version:1736079418 --><\/p>\n","protected":false},"excerpt":{"rendered":"<p>{{ brizy_dc_global_blocks position=&#8217;top&#8217; }} STRONA G\u0141\u00d3WNA kowbudwasewo@gmail.com Tel . 501120058 Tel. 502053661 W\u0105sewo 07-311 Lipowa 20 Sklep budowlany Godziny otwarcia: Poniedzia\u0142ek:&nbsp;7:00 \u2013 16:00 Wtorek:&nbsp;7:00 \u2013 16:00 \u015aroda:&nbsp;7:00 \u2013 16:00 Czwartek:&nbsp;7:00 \u2013 16:00 Pi\u0105tek:&nbsp;7:00 \u2013 16:00 Sobota:&nbsp;7:00 \u2013 14:00 Niedziela:&nbsp;Zamkni\u0119te {{ brizy_dc_global_blocks position=&#8217;bottom&#8217; }}<\/p>\n","protected":false},"author":1,"featured_media":0,"parent":48,"menu_order":1,"comment_status":"closed","ping_status":"closed","template":"brizy-blank-template.php","meta":{"footnotes":""},"class_list":["post-83","page","type-page","status-publish","hentry"],"_links":{"self":[{"href":"https:\/\/kow-bud.com\/index.php\/wp-json\/wp\/v2\/pages\/83","targetHints":{"allow":["GET"]}}],"collection":[{"href":"https:\/\/kow-bud.com\/index.php\/wp-json\/wp\/v2\/pages"}],"about":[{"href":"https:\/\/kow-bud.com\/index.php\/wp-json\/wp\/v2\/types\/page"}],"author":[{"embeddable":true,"href":"https:\/\/kow-bud.com\/index.php\/wp-json\/wp\/v2\/users\/1"}],"replies":[{"embeddable":true,"href":"https:\/\/kow-bud.com\/index.php\/wp-json\/wp\/v2\/comments?post=83"}],"version-history":[{"count":15,"href":"https:\/\/kow-bud.com\/index.php\/wp-json\/wp\/v2\/pages\/83\/revisions"}],"predecessor-version":[{"id":425,"href":"https:\/\/kow-bud.com\/index.php\/wp-json\/wp\/v2\/pages\/83\/revisions\/425"}],"up":[{"embeddable":true,"href":"https:\/\/kow-bud.com\/index.php\/wp-json\/wp\/v2\/pages\/48"}],"wp:attachment":[{"href":"https:\/\/kow-bud.com\/index.php\/wp-json\/wp\/v2\/media?parent=83"}],"curies":[{"name":"wp","href":"https:\/\/api.w.org\/{rel}","templated":true}]}}