{"id":48,"date":"2024-12-25T21:48:01","date_gmt":"2024-12-25T20:48:01","guid":{"rendered":"https:\/\/kow-bud.com\/?page_id=48"},"modified":"2025-02-12T18:55:53","modified_gmt":"2025-02-12T17:55:53","slug":"kow-bud","status":"publish","type":"page","link":"https:\/\/kow-bud.com\/","title":{"rendered":"KOW-BUD"},"content":{"rendered":"\n<p class=\"has-text-align-center has-contrast-color has-accent-4-background-color has-text-color has-background has-link-color wp-elements-d417cf1656fb29a625507562974bd263\" style=\"border-radius:0px\">Szukasz niezawodnego sprz\u0119tu budowlanego? Oferuj\u0119 wynajem nowoczesnych maszyn i narz\u0119dzi, kt\u00f3re sprawdz\u0105 si\u0119 w ka\u017cdym projekcie \u2013 od ma\u0142ych prac remontowych po du\u017ce inwestycje budowlane. Gwarantuj\u0119 konkurencyjne ceny, elastyczne warunki wynajmu oraz szybki i profesjonalny serwis. Dzi\u0119ki naszej flocie sprz\u0119tu zaoszcz\u0119dzisz czas i pieni\u0105dze, unikaj\u0105c kosztownych zakup\u00f3w. Skontaktuj si\u0119 z nami i wybierz sprz\u0119t idealny do Twoich potrzeb!<\/p>\n\n\n\n<div class=\"wp-block-columns is-layout-flex wp-container-core-columns-is-layout-28f84493 wp-block-columns-is-layout-flex\">\n<div class=\"wp-block-column is-layout-flow wp-block-column-is-layout-flow\" style=\"flex-basis:100%\"><\/div>\n<\/div>\n\n\n\n<div class=\"wp-block-buttons alignwide is-layout-flex wp-block-buttons-is-layout-flex\">\n<div class=\"wp-block-button has-custom-width wp-block-button__width-50 is-style-fill\"><a class=\"wp-block-button__link has-background wp-element-button\" href=\"https:\/\/kow-bud.com\/index.php\/kow-bud\/kontakt\/\" style=\"background-color:#00aad9\">Kontakt<\/a><\/div>\n<\/div>\n\n\n\n<div class=\"wp-block-buttons alignwide is-layout-flex wp-container-core-buttons-is-layout-0ab75a9c wp-block-buttons-is-layout-flex\" style=\"margin-top:var(--wp--preset--spacing--10);margin-bottom:var(--wp--preset--spacing--10)\">\n<div class=\"wp-block-button has-custom-width wp-block-button__width-50\"><a class=\"wp-block-button__link has-background wp-element-button\" href=\"https:\/\/kow-bud.com\/index.php\/kow-bud\/uslugi\/\" style=\"background-color:#00aad9;padding-right:0;padding-left:0\">Us\u0142ugi<\/a><\/div>\n<\/div>\n\n\n\n<div class=\"wp-block-buttons alignwide is-layout-flex wp-block-buttons-is-layout-flex\">\n<div class=\"wp-block-button has-custom-width wp-block-button__width-50\"><a class=\"wp-block-button__link has-background wp-element-button\" href=\"https:\/\/kow-bud.com\/index.php\/kow-bud\/mini-koparki\/\" style=\"background-color:#00aad9\">Mini koparki<\/a><\/div>\n<\/div>\n\n\n\n<div class=\"wp-block-buttons alignwide is-layout-flex wp-block-buttons-is-layout-flex\" style=\"margin-top:var(--wp--preset--spacing--10);margin-bottom:var(--wp--preset--spacing--10)\">\n<div class=\"wp-block-button has-custom-width wp-block-button__width-50\"><a class=\"wp-block-button__link wp-element-button\" href=\"https:\/\/kow-bud.com\/index.php\/kow-bud\/agregat\/\">Agregat<\/a><\/div>\n<\/div>\n\n\n\n<div class=\"wp-block-buttons alignwide is-layout-flex wp-block-buttons-is-layout-flex\">\n<div class=\"wp-block-button has-custom-width wp-block-button__width-50\"><a class=\"wp-block-button__link wp-element-button\" href=\"https:\/\/kow-bud.com\/index.php\/kow-bud\/betoniarka\/\">Betoniarka<\/a><\/div>\n<\/div>\n\n\n\n<div class=\"wp-block-buttons alignwide is-layout-flex wp-block-buttons-is-layout-flex\" style=\"margin-top:var(--wp--preset--spacing--10);margin-bottom:var(--wp--preset--spacing--10)\">\n<div class=\"wp-block-button has-custom-width wp-block-button__width-50\"><a class=\"wp-block-button__link wp-element-button\" href=\"https:\/\/kow-bud.com\/index.php\/cykliniarka\/\">Cykliniarka \/ Polerka<\/a><\/div>\n<\/div>\n\n\n\n<div class=\"wp-block-buttons alignwide is-layout-flex wp-block-buttons-is-layout-flex\">\n<div class=\"wp-block-button has-custom-width wp-block-button__width-50\"><a class=\"wp-block-button__link wp-element-button\" href=\"https:\/\/kow-bud.com\/index.php\/frezarka\/\">Frezarka<\/a><\/div>\n<\/div>\n\n\n\n<div class=\"wp-block-buttons alignwide is-layout-flex wp-block-buttons-is-layout-flex\">\n<div class=\"wp-block-button has-custom-width wp-block-button__width-50\"><a class=\"wp-block-button__link wp-element-button\" href=\"https:\/\/kow-bud.com\/index.php\/gietarka\/\">Gi\u0119tarka<\/a><\/div>\n<\/div>\n\n\n\n<div class=\"wp-block-buttons alignwide is-layout-flex wp-block-buttons-is-layout-flex\" style=\"margin-top:var(--wp--preset--spacing--10);margin-bottom:var(--wp--preset--spacing--10)\">\n<div class=\"wp-block-button has-custom-width wp-block-button__width-50\"><a class=\"wp-block-button__link wp-element-button\" href=\"https:\/\/kow-bud.com\/index.php\/glebogryzarka\/\">Glebogryzarka<\/a><\/div>\n<\/div>\n\n\n\n<div class=\"wp-block-buttons alignwide is-layout-flex wp-block-buttons-is-layout-flex\">\n<div class=\"wp-block-button has-custom-width wp-block-button__width-50\"><a class=\"wp-block-button__link wp-element-button\" href=\"https:\/\/kow-bud.com\/index.php\/hebel-elektryczny\/\">Hebel elektryczny<\/a><\/div>\n<\/div>\n\n\n\n<div class=\"wp-block-buttons alignwide is-layout-flex wp-block-buttons-is-layout-flex\" style=\"margin-top:var(--wp--preset--spacing--10);margin-bottom:var(--wp--preset--spacing--10)\">\n<div class=\"wp-block-button has-custom-width wp-block-button__width-50\"><a class=\"wp-block-button__link wp-element-button\" href=\"https:\/\/kow-bud.com\/index.php\/kow-bud\/lata-wibracyjna\/\">\u0141ata wibracyjna \/ Wibrator do betonu<\/a><\/div>\n<\/div>\n\n\n\n<div class=\"wp-block-buttons alignwide is-layout-flex wp-block-buttons-is-layout-flex\">\n<div class=\"wp-block-button has-custom-width wp-block-button__width-50\"><a class=\"wp-block-button__link wp-element-button\" href=\"https:\/\/kow-bud.com\/index.php\/kow-bud\/mlotowiertarka\/\">M\u0142otowiertarka<\/a><\/div>\n<\/div>\n\n\n\n<div class=\"wp-block-buttons alignwide is-layout-flex wp-block-buttons-is-layout-flex\">\n<div class=\"wp-block-button has-custom-width wp-block-button__width-50\"><a class=\"wp-block-button__link wp-element-button\" href=\"https:\/\/kow-bud.com\/index.php\/kow-bud\/mloty-wyburzeniowe\/\">M\u0142oty wyburzeniowe<\/a><\/div>\n<\/div>\n\n\n\n<div class=\"wp-block-buttons alignwide is-layout-flex wp-block-buttons-is-layout-flex\">\n<div class=\"wp-block-button has-custom-width wp-block-button__width-50\"><a class=\"wp-block-button__link wp-element-button\" href=\"https:\/\/kow-bud.com\/index.php\/kow-bud\/nagrzewnica\/\">Nagrzewnica<\/a><\/div>\n<\/div>\n\n\n\n<div class=\"wp-block-buttons alignwide is-layout-flex wp-block-buttons-is-layout-flex\">\n<div class=\"wp-block-button has-custom-width wp-block-button__width-50\"><a class=\"wp-block-button__link wp-element-button\" href=\"https:\/\/kow-bud.com\/index.php\/narzedzia-do-pomiarow\/\">Narz\u0119dzia do pomiar\u00f3w<\/a><\/div>\n<\/div>\n\n\n\n<div class=\"wp-block-buttons alignwide is-layout-flex wp-block-buttons-is-layout-flex\">\n<div class=\"wp-block-button has-custom-width wp-block-button__width-50\"><a class=\"wp-block-button__link wp-element-button\" href=\"https:\/\/kow-bud.com\/index.php\/narzedzia-glazurnicze\/\">Narz\u0119dzia glazurnicze<\/a><\/div>\n<\/div>\n\n\n\n<div class=\"wp-block-buttons alignwide is-layout-flex wp-block-buttons-is-layout-flex\">\n<div class=\"wp-block-button has-custom-width wp-block-button__width-50\"><a class=\"wp-block-button__link wp-element-button\" href=\"https:\/\/kow-bud.com\/index.php\/narzedzia-hydrauliczne\/\">Narz\u0119dzia hydrauliczne<\/a><\/div>\n<\/div>\n\n\n\n<div class=\"wp-block-buttons alignwide is-layout-flex wp-block-buttons-is-layout-flex\">\n<div class=\"wp-block-button has-custom-width wp-block-button__width-50\"><a class=\"wp-block-button__link wp-element-button\" href=\"https:\/\/kow-bud.com\/index.php\/odkurzacz-myjka-cisnieniowa\/\">Odkurzacz \/ Myjka ci\u015bnieniowa<\/a><\/div>\n<\/div>\n\n\n\n<div class=\"wp-block-buttons alignwide is-layout-flex wp-block-buttons-is-layout-flex\">\n<div class=\"wp-block-button has-custom-width wp-block-button__width-50\"><a class=\"wp-block-button__link wp-element-button\" href=\"https:\/\/kow-bud.com\/index.php\/pila-szablasta\/\">Pi\u0142a Szablasta<\/a><\/div>\n<\/div>\n\n\n\n<div class=\"wp-block-buttons alignwide is-layout-flex wp-block-buttons-is-layout-flex\">\n<div class=\"wp-block-button has-custom-width wp-block-button__width-50\"><a class=\"wp-block-button__link wp-element-button\" href=\"https:\/\/kow-bud.com\/index.php\/kow-bud\/przecinarka-do-betonu-bruzdownica\/\">Przecinarka do betonu \/ Bruzdownica<\/a><\/div>\n<\/div>\n\n\n\n<div class=\"wp-block-buttons alignwide is-layout-flex wp-block-buttons-is-layout-flex\">\n<div class=\"wp-block-button has-custom-width wp-block-button__width-50\"><a class=\"wp-block-button__link wp-element-button\" href=\"https:\/\/kow-bud.com\/index.php\/rusztowania-elewacyjne\/\">Rusztowania elewacyjne<\/a><\/div>\n<\/div>\n\n\n\n<div class=\"wp-block-buttons alignwide is-layout-flex wp-block-buttons-is-layout-flex\" style=\"margin-top:var(--wp--preset--spacing--10);margin-bottom:var(--wp--preset--spacing--10)\">\n<div class=\"wp-block-button has-custom-width wp-block-button__width-50\"><a class=\"wp-block-button__link wp-element-button\" href=\"https:\/\/kow-bud.com\/index.php\/sprezarki\/\">Spr\u0119\u017carka<\/a><\/div>\n<\/div>\n\n\n\n<div class=\"wp-block-buttons alignwide is-layout-flex wp-block-buttons-is-layout-flex\">\n<div class=\"wp-block-button has-custom-width wp-block-button__width-50\"><a class=\"wp-block-button__link wp-element-button\" href=\"https:\/\/kow-bud.com\/index.php\/szlifierka-do-gipsu\/\">Szlifierka do gipsu<\/a><\/div>\n<\/div>\n\n\n\n<div class=\"wp-block-buttons alignwide is-layout-flex wp-block-buttons-is-layout-flex\">\n<div class=\"wp-block-button has-custom-width wp-block-button__width-50\"><a class=\"wp-block-button__link wp-element-button\" href=\"https:\/\/kow-bud.com\/index.php\/szalunki-stropowe\/\">Szalunki stropowe<\/a><\/div>\n<\/div>\n\n\n\n<div class=\"wp-block-buttons alignwide is-layout-flex wp-block-buttons-is-layout-flex\" style=\"margin-top:var(--wp--preset--spacing--10);margin-bottom:var(--wp--preset--spacing--10)\">\n<div class=\"wp-block-button has-custom-width wp-block-button__width-50\"><a class=\"wp-block-button__link wp-element-button\" href=\"https:\/\/kow-bud.com\/index.php\/swider-spalinowy\/\">\u015awider spalinowy \/ R\u0119czny<\/a><\/div>\n<\/div>\n\n\n\n<div class=\"wp-block-buttons alignwide is-layout-flex wp-block-buttons-is-layout-flex\">\n<div class=\"wp-block-button has-custom-width wp-block-button__width-50\"><a class=\"wp-block-button__link wp-element-button\" href=\"https:\/\/kow-bud.com\/index.php\/ukosnica\/\">Uko\u015bnica<\/a><\/div>\n<\/div>\n\n\n\n<div class=\"wp-block-buttons alignwide is-layout-flex wp-block-buttons-is-layout-flex\" style=\"margin-top:var(--wp--preset--spacing--10);margin-bottom:var(--wp--preset--spacing--10)\">\n<div class=\"wp-block-button has-custom-width wp-block-button__width-50\"><a class=\"wp-block-button__link wp-element-button\" href=\"https:\/\/kow-bud.com\/index.php\/wkretarka\/\">Wkr\u0119tarka<\/a><\/div>\n<\/div>\n\n\n\n<div class=\"wp-block-buttons alignwide is-layout-flex wp-block-buttons-is-layout-flex\" style=\"margin-top:var(--wp--preset--spacing--10);margin-bottom:var(--wp--preset--spacing--10)\">\n<div class=\"wp-block-button has-custom-width wp-block-button__width-50\"><a class=\"wp-block-button__link wp-element-button\" href=\"https:\/\/kow-bud.com\/index.php\/zacieraczka-betonowa\/\">Zacieraczka betonowa<\/a><\/div>\n<\/div>\n\n\n\n<div class=\"wp-block-buttons alignwide is-horizontal is-layout-flex wp-container-core-buttons-is-layout-b1ddd6cd wp-block-buttons-is-layout-flex\" style=\"border-style:none;border-width:0px;margin-top:0;margin-bottom:0;padding-top:0px;padding-right:0px;padding-bottom:0px;padding-left:0px\">\n<div class=\"wp-block-button has-custom-width wp-block-button__width-50 is-style-fill\"><a class=\"wp-block-button__link wp-element-button\" href=\"https:\/\/kow-bud.com\/index.php\/zageszczarki\/\">Zag\u0119szczarka \/ Stopa Wibracyjna <\/a><\/div>\n<\/div>\n\n\n\n<div class=\"wp-block-buttons alignwide is-layout-flex wp-block-buttons-is-layout-flex\">\n<div class=\"wp-block-button has-custom-width wp-block-button__width-50\"><a class=\"wp-block-button__link wp-element-button\" href=\"https:\/\/kow-bud.com\/index.php\/zaglebiarka-do-blatow\/\">Zag\u0142\u0119biarka do blat\u00f3w<\/a><\/div>\n<\/div>\n\n\n\n<div class=\"wp-block-buttons alignwide is-layout-flex wp-block-buttons-is-layout-flex\">\n<div class=\"wp-block-button has-custom-width wp-block-button__width-50\"><a class=\"wp-block-button__link wp-element-button\" href=\"https:\/\/kow-bud.com\/index.php\/zsyp-do-odpadow-budowlanych\/\">Zsyp do odpad\u00f3w budowlanych<\/a><\/div>\n<\/div>\n\n\n\n<p class=\"has-text-align-center\"><\/p>\n\n\n<div class=\"brz-root__container\"><\/div>\n\n\n<p><\/p>\n","protected":false},"excerpt":{"rendered":"<p>Szukasz niezawodnego sprz\u0119tu budowlanego? Oferuj\u0119 wynajem nowoczesnych maszyn i narz\u0119dzi, kt\u00f3re sprawdz\u0105 si\u0119 w ka\u017cdym projekcie \u2013 od ma\u0142ych prac remontowych po du\u017ce inwestycje budowlane. Gwarantuj\u0119 konkurencyjne ceny, elastyczne warunki wynajmu oraz szybki i profesjonalny serwis. Dzi\u0119ki naszej flocie sprz\u0119tu zaoszcz\u0119dzisz czas i pieni\u0105dze, unikaj\u0105c kosztownych zakup\u00f3w. Skontaktuj si\u0119 z nami i wybierz sprz\u0119t idealny [&hellip;]<\/p>\n","protected":false},"author":1,"featured_media":0,"parent":0,"menu_order":0,"comment_status":"closed","ping_status":"closed","template":"brizy-blank-template.php","meta":{"footnotes":""},"class_list":["post-48","page","type-page","status-publish","hentry"],"_links":{"self":[{"href":"https:\/\/kow-bud.com\/index.php\/wp-json\/wp\/v2\/pages\/48","targetHints":{"allow":["GET"]}}],"collection":[{"href":"https:\/\/kow-bud.com\/index.php\/wp-json\/wp\/v2\/pages"}],"about":[{"href":"https:\/\/kow-bud.com\/index.php\/wp-json\/wp\/v2\/types\/page"}],"author":[{"embeddable":true,"href":"https:\/\/kow-bud.com\/index.php\/wp-json\/wp\/v2\/users\/1"}],"replies":[{"embeddable":true,"href":"https:\/\/kow-bud.com\/index.php\/wp-json\/wp\/v2\/comments?post=48"}],"version-history":[{"count":57,"href":"https:\/\/kow-bud.com\/index.php\/wp-json\/wp\/v2\/pages\/48\/revisions"}],"predecessor-version":[{"id":439,"href":"https:\/\/kow-bud.com\/index.php\/wp-json\/wp\/v2\/pages\/48\/revisions\/439"}],"wp:attachment":[{"href":"https:\/\/kow-bud.com\/index.php\/wp-json\/wp\/v2\/media?parent=48"}],"curies":[{"name":"wp","href":"https:\/\/api.w.org\/{rel}","templated":true}]}}