{"id":430,"date":"2025-02-12T18:50:48","date_gmt":"2025-02-12T17:50:48","guid":{"rendered":"https:\/\/kow-bud.com\/?page_id=430"},"modified":"2025-02-12T18:51:54","modified_gmt":"2025-02-12T17:51:54","slug":"gietarka","status":"publish","type":"page","link":"https:\/\/kow-bud.com\/index.php\/kow-bud\/gietarka\/","title":{"rendered":"Gi\u0119tarka"},"content":{"rendered":"\n<div class=\"wp-block-columns is-layout-flex wp-container-core-columns-is-layout-28f84493 wp-block-columns-is-layout-flex\">\n<div class=\"wp-block-column has-gradient-4-gradient-background has-background is-layout-flow wp-block-column-is-layout-flow\">\n<p>Gi\u0119tarka <br>Szeroko\u015b\u0107 : 2,10 m<\/p>\n<\/div>\n\n\n\n<div class=\"wp-block-column is-layout-flow wp-block-column-is-layout-flow\">\n<figure class=\"wp-block-image size-large\"><img loading=\"lazy\" decoding=\"async\" width=\"1024\" height=\"683\" src=\"https:\/\/kow-bud.com\/wp-content\/uploads\/2025\/02\/gietarka-1024x683.jpeg\" alt=\"\" class=\"wp-image-431\" srcset=\"https:\/\/kow-bud.com\/wp-content\/uploads\/2025\/02\/gietarka-1024x683.jpeg 1024w, https:\/\/kow-bud.com\/wp-content\/uploads\/2025\/02\/gietarka-300x200.jpeg 300w, https:\/\/kow-bud.com\/wp-content\/uploads\/2025\/02\/gietarka-768x512.jpeg 768w, https:\/\/kow-bud.com\/wp-content\/uploads\/2025\/02\/gietarka.jpeg 1234w\" sizes=\"auto, (max-width: 1024px) 100vw, 1024px\" \/><\/figure>\n<\/div>\n<\/div>\n\n\n\n<p><\/p>\n","protected":false},"excerpt":{"rendered":"<p>Gi\u0119tarka Szeroko\u015b\u0107 : 2,10 m<\/p>\n","protected":false},"author":1,"featured_media":0,"parent":48,"menu_order":3,"comment_status":"closed","ping_status":"closed","template":"","meta":{"footnotes":""},"class_list":["post-430","page","type-page","status-publish","hentry"],"_links":{"self":[{"href":"https:\/\/kow-bud.com\/index.php\/wp-json\/wp\/v2\/pages\/430","targetHints":{"allow":["GET"]}}],"collection":[{"href":"https:\/\/kow-bud.com\/index.php\/wp-json\/wp\/v2\/pages"}],"about":[{"href":"https:\/\/kow-bud.com\/index.php\/wp-json\/wp\/v2\/types\/page"}],"author":[{"embeddable":true,"href":"https:\/\/kow-bud.com\/index.php\/wp-json\/wp\/v2\/users\/1"}],"replies":[{"embeddable":true,"href":"https:\/\/kow-bud.com\/index.php\/wp-json\/wp\/v2\/comments?post=430"}],"version-history":[{"count":1,"href":"https:\/\/kow-bud.com\/index.php\/wp-json\/wp\/v2\/pages\/430\/revisions"}],"predecessor-version":[{"id":432,"href":"https:\/\/kow-bud.com\/index.php\/wp-json\/wp\/v2\/pages\/430\/revisions\/432"}],"up":[{"embeddable":true,"href":"https:\/\/kow-bud.com\/index.php\/wp-json\/wp\/v2\/pages\/48"}],"wp:attachment":[{"href":"https:\/\/kow-bud.com\/index.php\/wp-json\/wp\/v2\/media?parent=430"}],"curies":[{"name":"wp","href":"https:\/\/api.w.org\/{rel}","templated":true}]}}