{"id":39,"date":"2024-12-27T22:39:57","date_gmt":"2024-12-27T21:39:57","guid":{"rendered":"https:\/\/kow-bud.com\/?page_id=39"},"modified":"2024-12-29T10:19:38","modified_gmt":"2024-12-29T09:19:38","slug":"zageszczarki","status":"publish","type":"page","link":"https:\/\/kow-bud.com\/index.php\/kow-bud\/zageszczarki\/","title":{"rendered":"Zag\u0119szczarki \/ Stopy wibracyjne"},"content":{"rendered":"\n<p class=\"has-text-align-center\"><\/p>\n\n\n<div class=\"brz-root__container\"><\/div>\n\n\n<div class=\"wp-block-columns is-layout-flex wp-container-core-columns-is-layout-28f84493 wp-block-columns-is-layout-flex\">\n<div class=\"wp-block-column has-gradient-4-gradient-background has-background is-layout-flow wp-block-column-is-layout-flow\">\n<p class=\"has-text-align-left\">Zag\u0119szczarka <br>Marka : Wacker<br>waga : 500 kg <br>Paliwo : diesel<br><\/p>\n<\/div>\n\n\n\n<div class=\"wp-block-column is-layout-flow wp-block-column-is-layout-flow\">\n<figure class=\"wp-block-image size-full is-resized\"><img loading=\"lazy\" decoding=\"async\" width=\"1000\" height=\"1000\" src=\"http:\/\/kow-bud.com\/wp-content\/uploads\/2024\/12\/zageszczarka-500-kg.jpg\" alt=\"\" class=\"wp-image-78\" style=\"width:254px;height:auto\" srcset=\"https:\/\/kow-bud.com\/wp-content\/uploads\/2024\/12\/zageszczarka-500-kg.jpg 1000w, https:\/\/kow-bud.com\/wp-content\/uploads\/2024\/12\/zageszczarka-500-kg-300x300.jpg 300w, https:\/\/kow-bud.com\/wp-content\/uploads\/2024\/12\/zageszczarka-500-kg-150x150.jpg 150w, https:\/\/kow-bud.com\/wp-content\/uploads\/2024\/12\/zageszczarka-500-kg-768x768.jpg 768w\" sizes=\"auto, (max-width: 1000px) 100vw, 1000px\" \/><\/figure>\n<\/div>\n<\/div>\n\n\n\n<div class=\"wp-block-columns is-layout-flex wp-container-core-columns-is-layout-28f84493 wp-block-columns-is-layout-flex\">\n<div class=\"wp-block-column is-layout-flow wp-block-column-is-layout-flow\"><\/div>\n\n\n\n<div class=\"wp-block-column is-layout-flow wp-block-column-is-layout-flow\"><\/div>\n<\/div>\n\n\n\n<div class=\"wp-block-columns is-layout-flex wp-container-core-columns-is-layout-f369e703 wp-block-columns-is-layout-flex\" style=\"margin-top:var(--wp--preset--spacing--10);margin-bottom:var(--wp--preset--spacing--10)\">\n<div class=\"wp-block-column is-layout-flow wp-block-column-is-layout-flow\">\n<p class=\"has-text-align-left has-gradient-4-gradient-background has-background\">Zag\u0119szczarka <br>Marka : Belle<br>waga : 200 kg<br>Paliwo : benzyna<br><br><br><br><br><br><\/p>\n<\/div>\n\n\n\n<div class=\"wp-block-column is-layout-flow wp-block-column-is-layout-flow\">\n<figure class=\"wp-block-image size-full is-resized\"><img loading=\"lazy\" decoding=\"async\" width=\"213\" height=\"237\" src=\"https:\/\/kow-bud.com\/wp-content\/uploads\/2024\/12\/zageszczark-200-kg.jpeg\" alt=\"\" class=\"wp-image-140\" style=\"width:259px;height:auto\"\/><\/figure>\n<\/div>\n<\/div>\n\n\n\n<div class=\"wp-block-columns is-layout-flex wp-container-core-columns-is-layout-f369e703 wp-block-columns-is-layout-flex\" style=\"margin-top:var(--wp--preset--spacing--10);margin-bottom:var(--wp--preset--spacing--10)\">\n<div class=\"wp-block-column has-gradient-4-gradient-background has-background is-layout-flow wp-block-column-is-layout-flow\">\n<p>Zag\u0119szczarka <br>waga : 90 kg <br>Marka: Mikasa<br>Paliwo : benzyna<\/p>\n<\/div>\n\n\n\n<div class=\"wp-block-column is-layout-flow wp-block-column-is-layout-flow\">\n<figure class=\"wp-block-image size-full is-resized\"><img loading=\"lazy\" decoding=\"async\" width=\"220\" height=\"229\" src=\"https:\/\/kow-bud.com\/wp-content\/uploads\/2024\/12\/zageszczarka-90-.jpeg\" alt=\"\" class=\"wp-image-142\" style=\"width:261px;height:auto\"\/><\/figure>\n<\/div>\n<\/div>\n\n\n\n<div class=\"wp-block-columns is-layout-flex wp-container-core-columns-is-layout-f369e703 wp-block-columns-is-layout-flex\" style=\"margin-top:var(--wp--preset--spacing--10);margin-bottom:var(--wp--preset--spacing--10)\">\n<div class=\"wp-block-column is-vertically-aligned-top is-layout-flow wp-block-column-is-layout-flow\">\n<p class=\"has-gradient-4-gradient-background has-background\">Zag\u0119szczarka <br>Waga : 60 kg<br>Marka : Honda<br>Paliwo : benzyna<br><br><br><br><\/p>\n<\/div>\n\n\n\n<div class=\"wp-block-column is-layout-flow wp-block-column-is-layout-flow\">\n<figure class=\"wp-block-image size-full is-resized\"><img loading=\"lazy\" decoding=\"async\" width=\"225\" height=\"225\" src=\"https:\/\/kow-bud.com\/wp-content\/uploads\/2024\/12\/zageszczarka-60-.jpeg\" alt=\"\" class=\"wp-image-143\" style=\"width:267px;height:auto\" srcset=\"https:\/\/kow-bud.com\/wp-content\/uploads\/2024\/12\/zageszczarka-60-.jpeg 225w, https:\/\/kow-bud.com\/wp-content\/uploads\/2024\/12\/zageszczarka-60--150x150.jpeg 150w\" sizes=\"auto, (max-width: 225px) 100vw, 225px\" \/><\/figure>\n<\/div>\n<\/div>\n\n\n\n<div class=\"wp-block-columns is-layout-flex wp-container-core-columns-is-layout-f369e703 wp-block-columns-is-layout-flex\" style=\"margin-top:var(--wp--preset--spacing--10);margin-bottom:var(--wp--preset--spacing--10)\">\n<div class=\"wp-block-column has-gradient-4-gradient-background has-background is-layout-flow wp-block-column-is-layout-flow\">\n<p>Stopa Wibracyjna <br>Marka : Mikasa<br>Waga : 90 kg<br>Paliwo : benzyna<\/p>\n<\/div>\n\n\n\n<div class=\"wp-block-column is-layout-flow wp-block-column-is-layout-flow\">\n<figure class=\"wp-block-image size-full is-resized\"><img loading=\"lazy\" decoding=\"async\" width=\"225\" height=\"225\" src=\"https:\/\/kow-bud.com\/wp-content\/uploads\/2024\/12\/stopa-wibracyjnaa.jpeg\" alt=\"\" class=\"wp-image-146\" style=\"width:269px;height:auto\" srcset=\"https:\/\/kow-bud.com\/wp-content\/uploads\/2024\/12\/stopa-wibracyjnaa.jpeg 225w, https:\/\/kow-bud.com\/wp-content\/uploads\/2024\/12\/stopa-wibracyjnaa-150x150.jpeg 150w\" sizes=\"auto, (max-width: 225px) 100vw, 225px\" \/><\/figure>\n<\/div>\n<\/div>\n\n\n\n<p><\/p>\n","protected":false},"excerpt":{"rendered":"<p>Zag\u0119szczarka Marka : Wackerwaga : 500 kg Paliwo : diesel Zag\u0119szczarka Marka : Bellewaga : 200 kgPaliwo : benzyna Zag\u0119szczarka waga : 90 kg Marka: MikasaPaliwo : benzyna Zag\u0119szczarka Waga : 60 kgMarka : HondaPaliwo : benzyna Stopa Wibracyjna Marka : MikasaWaga : 90 kgPaliwo : benzyna<\/p>\n","protected":false},"author":1,"featured_media":0,"parent":48,"menu_order":3,"comment_status":"closed","ping_status":"closed","template":"","meta":{"footnotes":""},"class_list":["post-39","page","type-page","status-publish","hentry"],"_links":{"self":[{"href":"https:\/\/kow-bud.com\/index.php\/wp-json\/wp\/v2\/pages\/39","targetHints":{"allow":["GET"]}}],"collection":[{"href":"https:\/\/kow-bud.com\/index.php\/wp-json\/wp\/v2\/pages"}],"about":[{"href":"https:\/\/kow-bud.com\/index.php\/wp-json\/wp\/v2\/types\/page"}],"author":[{"embeddable":true,"href":"https:\/\/kow-bud.com\/index.php\/wp-json\/wp\/v2\/users\/1"}],"replies":[{"embeddable":true,"href":"https:\/\/kow-bud.com\/index.php\/wp-json\/wp\/v2\/comments?post=39"}],"version-history":[{"count":10,"href":"https:\/\/kow-bud.com\/index.php\/wp-json\/wp\/v2\/pages\/39\/revisions"}],"predecessor-version":[{"id":198,"href":"https:\/\/kow-bud.com\/index.php\/wp-json\/wp\/v2\/pages\/39\/revisions\/198"}],"up":[{"embeddable":true,"href":"https:\/\/kow-bud.com\/index.php\/wp-json\/wp\/v2\/pages\/48"}],"wp:attachment":[{"href":"https:\/\/kow-bud.com\/index.php\/wp-json\/wp\/v2\/media?parent=39"}],"curies":[{"name":"wp","href":"https:\/\/api.w.org\/{rel}","templated":true}]}}