{"id":370,"date":"2025-01-05T11:52:30","date_gmt":"2025-01-05T10:52:30","guid":{"rendered":"https:\/\/kow-bud.com\/?page_id=370"},"modified":"2025-01-05T11:52:55","modified_gmt":"2025-01-05T10:52:55","slug":"narzedzia-hydrauliczne","status":"publish","type":"page","link":"https:\/\/kow-bud.com\/index.php\/kow-bud\/narzedzia-hydrauliczne\/","title":{"rendered":"Narz\u0119dzia hydrauliczne"},"content":{"rendered":"\n<div class=\"wp-block-columns is-layout-flex wp-container-core-columns-is-layout-28f84493 wp-block-columns-is-layout-flex\">\n<div class=\"wp-block-column has-gradient-4-gradient-background has-background is-layout-flow wp-block-column-is-layout-flow\">\n<p>Prasa automatyczna na baterie<br>Marka : Rems<br>Szczeki pex , mied\u017a , stal w\u0119glowa<\/p>\n<\/div>\n\n\n\n<div class=\"wp-block-column is-layout-flow wp-block-column-is-layout-flow\">\n<figure class=\"wp-block-image size-full is-resized\"><img loading=\"lazy\" decoding=\"async\" width=\"266\" height=\"189\" src=\"https:\/\/kow-bud.com\/wp-content\/uploads\/2025\/01\/prasa-.jpeg\" alt=\"\" class=\"wp-image-373\" style=\"width:300px;height:auto\"\/><\/figure>\n<\/div>\n<\/div>\n\n\n\n<div class=\"wp-block-columns is-layout-flex wp-container-core-columns-is-layout-28f84493 wp-block-columns-is-layout-flex\">\n<div class=\"wp-block-column is-layout-flow wp-block-column-is-layout-flow\">\n<p class=\"has-gradient-4-gradient-background has-background\">Prasa r\u0119czna<br><\/p>\n<\/div>\n\n\n\n<div class=\"wp-block-column is-layout-flow wp-block-column-is-layout-flow\">\n<figure class=\"wp-block-image size-full\"><img loading=\"lazy\" decoding=\"async\" width=\"302\" height=\"167\" src=\"https:\/\/kow-bud.com\/wp-content\/uploads\/2025\/01\/prasaa.jpeg\" alt=\"\" class=\"wp-image-374\" srcset=\"https:\/\/kow-bud.com\/wp-content\/uploads\/2025\/01\/prasaa.jpeg 302w, https:\/\/kow-bud.com\/wp-content\/uploads\/2025\/01\/prasaa-300x166.jpeg 300w\" sizes=\"auto, (max-width: 302px) 100vw, 302px\" \/><\/figure>\n<\/div>\n<\/div>\n\n\n\n<div class=\"wp-block-columns is-layout-flex wp-container-core-columns-is-layout-28f84493 wp-block-columns-is-layout-flex\">\n<div class=\"wp-block-column has-gradient-4-gradient-background has-background is-layout-flow wp-block-column-is-layout-flow\">\n<p>Zgrzewarki do rur PP<\/p>\n<\/div>\n\n\n\n<div class=\"wp-block-column is-layout-flow wp-block-column-is-layout-flow\">\n<figure class=\"wp-block-image size-full is-resized\"><img loading=\"lazy\" decoding=\"async\" width=\"225\" height=\"225\" src=\"https:\/\/kow-bud.com\/wp-content\/uploads\/2025\/01\/zgrzewarka.jpeg\" alt=\"\" class=\"wp-image-375\" style=\"width:300px;height:auto\" srcset=\"https:\/\/kow-bud.com\/wp-content\/uploads\/2025\/01\/zgrzewarka.jpeg 225w, https:\/\/kow-bud.com\/wp-content\/uploads\/2025\/01\/zgrzewarka-150x150.jpeg 150w\" sizes=\"auto, (max-width: 225px) 100vw, 225px\" \/><\/figure>\n<\/div>\n<\/div>\n\n\n\n<div class=\"wp-block-columns is-layout-flex wp-container-core-columns-is-layout-28f84493 wp-block-columns-is-layout-flex\">\n<div class=\"wp-block-column has-gradient-4-gradient-background has-background is-layout-flow wp-block-column-is-layout-flow\">\n<p>Zgrzewarki do rur miedzianych <\/p>\n<\/div>\n\n\n\n<div class=\"wp-block-column is-layout-flow wp-block-column-is-layout-flow\">\n<figure class=\"wp-block-image size-large\"><img loading=\"lazy\" decoding=\"async\" width=\"1024\" height=\"877\" src=\"https:\/\/kow-bud.com\/wp-content\/uploads\/2025\/01\/lutownica-1024x877.jpg\" alt=\"\" class=\"wp-image-377\" srcset=\"https:\/\/kow-bud.com\/wp-content\/uploads\/2025\/01\/lutownica-1024x877.jpg 1024w, https:\/\/kow-bud.com\/wp-content\/uploads\/2025\/01\/lutownica-300x257.jpg 300w, https:\/\/kow-bud.com\/wp-content\/uploads\/2025\/01\/lutownica-768x658.jpg 768w, https:\/\/kow-bud.com\/wp-content\/uploads\/2025\/01\/lutownica-1536x1316.jpg 1536w, https:\/\/kow-bud.com\/wp-content\/uploads\/2025\/01\/lutownica-2048x1754.jpg 2048w\" sizes=\"auto, (max-width: 1024px) 100vw, 1024px\" \/><\/figure>\n<\/div>\n<\/div>\n\n\n\n<div class=\"wp-block-columns is-layout-flex wp-container-core-columns-is-layout-28f84493 wp-block-columns-is-layout-flex\">\n<div class=\"wp-block-column has-gradient-4-gradient-background has-background is-layout-flow wp-block-column-is-layout-flow\">\n<p>Gwintownica do stali<\/p>\n<\/div>\n\n\n\n<div class=\"wp-block-column is-layout-flow wp-block-column-is-layout-flow\">\n<figure class=\"wp-block-image size-full\"><img loading=\"lazy\" decoding=\"async\" width=\"1000\" height=\"853\" src=\"https:\/\/kow-bud.com\/wp-content\/uploads\/2025\/01\/gwintownica.jpg\" alt=\"\" class=\"wp-image-378\" srcset=\"https:\/\/kow-bud.com\/wp-content\/uploads\/2025\/01\/gwintownica.jpg 1000w, https:\/\/kow-bud.com\/wp-content\/uploads\/2025\/01\/gwintownica-300x256.jpg 300w, https:\/\/kow-bud.com\/wp-content\/uploads\/2025\/01\/gwintownica-768x655.jpg 768w\" sizes=\"auto, (max-width: 1000px) 100vw, 1000px\" \/><\/figure>\n<\/div>\n<\/div>\n\n\n\n<p><\/p>\n","protected":false},"excerpt":{"rendered":"<p>Prasa automatyczna na baterieMarka : RemsSzczeki pex , mied\u017a , stal w\u0119glowa Prasa r\u0119czna Zgrzewarki do rur PP Zgrzewarki do rur miedzianych Gwintownica do stali<\/p>\n","protected":false},"author":1,"featured_media":0,"parent":48,"menu_order":3,"comment_status":"closed","ping_status":"closed","template":"","meta":{"footnotes":""},"class_list":["post-370","page","type-page","status-publish","hentry"],"_links":{"self":[{"href":"https:\/\/kow-bud.com\/index.php\/wp-json\/wp\/v2\/pages\/370","targetHints":{"allow":["GET"]}}],"collection":[{"href":"https:\/\/kow-bud.com\/index.php\/wp-json\/wp\/v2\/pages"}],"about":[{"href":"https:\/\/kow-bud.com\/index.php\/wp-json\/wp\/v2\/types\/page"}],"author":[{"embeddable":true,"href":"https:\/\/kow-bud.com\/index.php\/wp-json\/wp\/v2\/users\/1"}],"replies":[{"embeddable":true,"href":"https:\/\/kow-bud.com\/index.php\/wp-json\/wp\/v2\/comments?post=370"}],"version-history":[{"count":2,"href":"https:\/\/kow-bud.com\/index.php\/wp-json\/wp\/v2\/pages\/370\/revisions"}],"predecessor-version":[{"id":379,"href":"https:\/\/kow-bud.com\/index.php\/wp-json\/wp\/v2\/pages\/370\/revisions\/379"}],"up":[{"embeddable":true,"href":"https:\/\/kow-bud.com\/index.php\/wp-json\/wp\/v2\/pages\/48"}],"wp:attachment":[{"href":"https:\/\/kow-bud.com\/index.php\/wp-json\/wp\/v2\/media?parent=370"}],"curies":[{"name":"wp","href":"https:\/\/api.w.org\/{rel}","templated":true}]}}