{"id":360,"date":"2025-01-05T11:34:50","date_gmt":"2025-01-05T10:34:50","guid":{"rendered":"https:\/\/kow-bud.com\/?page_id=360"},"modified":"2025-01-05T11:36:49","modified_gmt":"2025-01-05T10:36:49","slug":"ukosnica","status":"publish","type":"page","link":"https:\/\/kow-bud.com\/index.php\/kow-bud\/ukosnica\/","title":{"rendered":"Uko\u015bnica"},"content":{"rendered":"\n<div class=\"wp-block-columns is-layout-flex wp-container-core-columns-is-layout-28f84493 wp-block-columns-is-layout-flex\">\n<div class=\"wp-block-column has-gradient-4-gradient-background has-background is-layout-flow wp-block-column-is-layout-flow\">\n<p>Uko\u015bnica <br>Marka : Makita<br>\u015arednica ci\u0119cia : 12 cm , 30 cm<\/p>\n<\/div>\n\n\n\n<div class=\"wp-block-column is-layout-flow wp-block-column-is-layout-flow\">\n<figure class=\"wp-block-image size-large\"><img loading=\"lazy\" decoding=\"async\" width=\"1024\" height=\"1024\" src=\"https:\/\/kow-bud.com\/wp-content\/uploads\/2025\/01\/ukosnica-1024x1024.jpg\" alt=\"\" class=\"wp-image-362\" srcset=\"https:\/\/kow-bud.com\/wp-content\/uploads\/2025\/01\/ukosnica-1024x1024.jpg 1024w, https:\/\/kow-bud.com\/wp-content\/uploads\/2025\/01\/ukosnica-300x300.jpg 300w, https:\/\/kow-bud.com\/wp-content\/uploads\/2025\/01\/ukosnica-150x150.jpg 150w, https:\/\/kow-bud.com\/wp-content\/uploads\/2025\/01\/ukosnica-768x768.jpg 768w, https:\/\/kow-bud.com\/wp-content\/uploads\/2025\/01\/ukosnica.jpg 1200w\" sizes=\"auto, (max-width: 1024px) 100vw, 1024px\" \/><\/figure>\n<\/div>\n<\/div>\n\n\n\n<div class=\"wp-block-columns is-layout-flex wp-container-core-columns-is-layout-28f84493 wp-block-columns-is-layout-flex\">\n<div class=\"wp-block-column is-layout-flow wp-block-column-is-layout-flow\"><\/div>\n<\/div>\n","protected":false},"excerpt":{"rendered":"<p>Uko\u015bnica Marka : Makita\u015arednica ci\u0119cia : 12 cm , 30 cm<\/p>\n","protected":false},"author":1,"featured_media":0,"parent":48,"menu_order":3,"comment_status":"closed","ping_status":"closed","template":"","meta":{"footnotes":""},"class_list":["post-360","page","type-page","status-publish","hentry"],"_links":{"self":[{"href":"https:\/\/kow-bud.com\/index.php\/wp-json\/wp\/v2\/pages\/360","targetHints":{"allow":["GET"]}}],"collection":[{"href":"https:\/\/kow-bud.com\/index.php\/wp-json\/wp\/v2\/pages"}],"about":[{"href":"https:\/\/kow-bud.com\/index.php\/wp-json\/wp\/v2\/types\/page"}],"author":[{"embeddable":true,"href":"https:\/\/kow-bud.com\/index.php\/wp-json\/wp\/v2\/users\/1"}],"replies":[{"embeddable":true,"href":"https:\/\/kow-bud.com\/index.php\/wp-json\/wp\/v2\/comments?post=360"}],"version-history":[{"count":1,"href":"https:\/\/kow-bud.com\/index.php\/wp-json\/wp\/v2\/pages\/360\/revisions"}],"predecessor-version":[{"id":363,"href":"https:\/\/kow-bud.com\/index.php\/wp-json\/wp\/v2\/pages\/360\/revisions\/363"}],"up":[{"embeddable":true,"href":"https:\/\/kow-bud.com\/index.php\/wp-json\/wp\/v2\/pages\/48"}],"wp:attachment":[{"href":"https:\/\/kow-bud.com\/index.php\/wp-json\/wp\/v2\/media?parent=360"}],"curies":[{"name":"wp","href":"https:\/\/api.w.org\/{rel}","templated":true}]}}