{"id":334,"date":"2024-12-29T21:37:34","date_gmt":"2024-12-29T20:37:34","guid":{"rendered":"https:\/\/kow-bud.com\/?page_id=334"},"modified":"2024-12-29T21:40:03","modified_gmt":"2024-12-29T20:40:03","slug":"wkretarka","status":"publish","type":"page","link":"https:\/\/kow-bud.com\/index.php\/kow-bud\/wkretarka\/","title":{"rendered":"Wkr\u0119tarka"},"content":{"rendered":"\n<div class=\"wp-block-columns is-layout-flex wp-container-core-columns-is-layout-28f84493 wp-block-columns-is-layout-flex\">\n<div class=\"wp-block-column is-layout-flow wp-block-column-is-layout-flow\">\n<p class=\"has-gradient-4-gradient-background has-background\">Wkr\u0119tarka przewodowa<br>Marka : Hilti<br><br><br><\/p>\n<\/div>\n\n\n\n<div class=\"wp-block-column is-layout-flow wp-block-column-is-layout-flow\">\n<figure class=\"wp-block-image size-full\"><img loading=\"lazy\" decoding=\"async\" width=\"249\" height=\"202\" src=\"https:\/\/kow-bud.com\/wp-content\/uploads\/2024\/12\/wke.jpeg\" alt=\"\" class=\"wp-image-336\"\/><\/figure>\n<\/div>\n<\/div>\n\n\n\n<div class=\"wp-block-columns is-layout-flex wp-container-core-columns-is-layout-28f84493 wp-block-columns-is-layout-flex\">\n<div class=\"wp-block-column has-gradient-4-gradient-background has-background is-layout-flow wp-block-column-is-layout-flow\">\n<p>Wkr\u0119tarka przewodowa<br>Marka : Makita<\/p>\n<\/div>\n\n\n\n<div class=\"wp-block-column is-layout-flow wp-block-column-is-layout-flow\">\n<figure class=\"wp-block-image size-full is-resized\"><img loading=\"lazy\" decoding=\"async\" width=\"225\" height=\"225\" src=\"https:\/\/kow-bud.com\/wp-content\/uploads\/2024\/12\/wkreee.jpeg\" alt=\"\" class=\"wp-image-337\" style=\"width:251px;height:auto\" srcset=\"https:\/\/kow-bud.com\/wp-content\/uploads\/2024\/12\/wkreee.jpeg 225w, https:\/\/kow-bud.com\/wp-content\/uploads\/2024\/12\/wkreee-150x150.jpeg 150w\" sizes=\"auto, (max-width: 225px) 100vw, 225px\" \/><\/figure>\n<\/div>\n<\/div>\n\n\n\n<div class=\"wp-block-columns is-layout-flex wp-container-core-columns-is-layout-28f84493 wp-block-columns-is-layout-flex\">\n<div class=\"wp-block-column is-layout-flow wp-block-column-is-layout-flow\">\n<p class=\"has-gradient-4-gradient-background has-background\">Wkr\u0119tarka bezprzewodowa<br>Marka : Hilti<br><br><br><br><br><br><\/p>\n<\/div>\n\n\n\n<div class=\"wp-block-column is-layout-flow wp-block-column-is-layout-flow\">\n<figure class=\"wp-block-image size-full is-resized\"><img loading=\"lazy\" decoding=\"async\" width=\"225\" height=\"225\" src=\"https:\/\/kow-bud.com\/wp-content\/uploads\/2024\/12\/wkkk.jpeg\" alt=\"\" class=\"wp-image-339\" style=\"width:262px;height:auto\" srcset=\"https:\/\/kow-bud.com\/wp-content\/uploads\/2024\/12\/wkkk.jpeg 225w, https:\/\/kow-bud.com\/wp-content\/uploads\/2024\/12\/wkkk-150x150.jpeg 150w\" sizes=\"auto, (max-width: 225px) 100vw, 225px\" \/><\/figure>\n<\/div>\n<\/div>\n\n\n\n<div class=\"wp-block-columns is-layout-flex wp-container-core-columns-is-layout-28f84493 wp-block-columns-is-layout-flex\">\n<div class=\"wp-block-column is-layout-flow wp-block-column-is-layout-flow\">\n<p class=\"has-gradient-4-gradient-background has-background\">Wkr\u0119tarka bezprzewodowa<br>Marka : Dewalt<br><br><br><br><br><\/p>\n<\/div>\n\n\n\n<div class=\"wp-block-column is-layout-flow wp-block-column-is-layout-flow\">\n<figure class=\"wp-block-image size-full is-resized\"><img loading=\"lazy\" decoding=\"async\" width=\"225\" height=\"225\" src=\"https:\/\/kow-bud.com\/wp-content\/uploads\/2024\/12\/www.jpeg\" alt=\"\" class=\"wp-image-340\" style=\"width:265px;height:auto\" srcset=\"https:\/\/kow-bud.com\/wp-content\/uploads\/2024\/12\/www.jpeg 225w, https:\/\/kow-bud.com\/wp-content\/uploads\/2024\/12\/www-150x150.jpeg 150w\" sizes=\"auto, (max-width: 225px) 100vw, 225px\" \/><\/figure>\n<\/div>\n<\/div>\n\n\n\n<div class=\"wp-block-columns is-layout-flex wp-container-core-columns-is-layout-28f84493 wp-block-columns-is-layout-flex\">\n<div class=\"wp-block-column is-layout-flow wp-block-column-is-layout-flow\">\n<p class=\"has-gradient-4-gradient-background has-background\">Wkr\u0119tarka &#8211; zakr\u0119tarka bezprzewodowa udarowa<br>Marka : Hitachi <br><br><br><br><br><br><\/p>\n<\/div>\n\n\n\n<div class=\"wp-block-column is-layout-flow wp-block-column-is-layout-flow\">\n<figure class=\"wp-block-image size-full is-resized\"><img loading=\"lazy\" decoding=\"async\" width=\"214\" height=\"235\" src=\"https:\/\/kow-bud.com\/wp-content\/uploads\/2024\/12\/wwwww.jpeg\" alt=\"\" class=\"wp-image-341\" style=\"width:269px;height:auto\"\/><\/figure>\n<\/div>\n<\/div>\n\n\n\n<div class=\"wp-block-columns is-layout-flex wp-container-core-columns-is-layout-28f84493 wp-block-columns-is-layout-flex\">\n<div class=\"wp-block-column is-layout-flow wp-block-column-is-layout-flow\">\n<p class=\"has-gradient-4-gradient-background has-background\">Wkr\u0119tarka bezprzewodowa<br>Marka : Metabo<br><br><br><br><\/p>\n<\/div>\n\n\n\n<div class=\"wp-block-column is-layout-flow wp-block-column-is-layout-flow\">\n<figure class=\"wp-block-image size-full is-resized\"><img loading=\"lazy\" decoding=\"async\" width=\"225\" height=\"225\" src=\"https:\/\/kow-bud.com\/wp-content\/uploads\/2024\/12\/wker.jpeg\" alt=\"\" class=\"wp-image-342\" style=\"width:273px;height:auto\" srcset=\"https:\/\/kow-bud.com\/wp-content\/uploads\/2024\/12\/wker.jpeg 225w, https:\/\/kow-bud.com\/wp-content\/uploads\/2024\/12\/wker-150x150.jpeg 150w\" sizes=\"auto, (max-width: 225px) 100vw, 225px\" \/><\/figure>\n<\/div>\n<\/div>\n\n\n\n<div class=\"wp-block-columns is-layout-flex wp-container-core-columns-is-layout-28f84493 wp-block-columns-is-layout-flex\">\n<div class=\"wp-block-column is-layout-flow wp-block-column-is-layout-flow\">\n<p class=\"has-gradient-4-gradient-background has-background\">Wkr\u0119tarka bezprzewodowa<br>udarowa<br>Marka : Metabo<br><br><br><\/p>\n<\/div>\n\n\n\n<div class=\"wp-block-column is-layout-flow wp-block-column-is-layout-flow\">\n<figure class=\"wp-block-image size-full\"><img loading=\"lazy\" decoding=\"async\" width=\"275\" height=\"183\" src=\"https:\/\/kow-bud.com\/wp-content\/uploads\/2024\/12\/wkreee-1.jpeg\" alt=\"\" class=\"wp-image-343\"\/><\/figure>\n<\/div>\n<\/div>\n\n\n\n<div class=\"wp-block-columns is-layout-flex wp-container-core-columns-is-layout-28f84493 wp-block-columns-is-layout-flex\">\n<div class=\"wp-block-column is-layout-flow wp-block-column-is-layout-flow\">\n<p class=\"has-gradient-4-gradient-background has-background\">Wkr\u0119tarka &#8211; zakr\u0119tarka bezprzewodowa udarowa<br>Marka : Metabo<br><br><br><br><br><br><br><\/p>\n<\/div>\n\n\n\n<div class=\"wp-block-column is-layout-flow wp-block-column-is-layout-flow\">\n<figure class=\"wp-block-image size-full is-resized\"><img loading=\"lazy\" decoding=\"async\" width=\"216\" height=\"233\" src=\"https:\/\/kow-bud.com\/wp-content\/uploads\/2024\/12\/wkkk-1.jpeg\" alt=\"\" class=\"wp-image-344\" style=\"width:277px;height:auto\"\/><\/figure>\n<\/div>\n<\/div>\n\n\n\n<p><\/p>\n","protected":false},"excerpt":{"rendered":"<p>Wkr\u0119tarka przewodowaMarka : Hilti Wkr\u0119tarka przewodowaMarka : Makita Wkr\u0119tarka bezprzewodowaMarka : Hilti Wkr\u0119tarka bezprzewodowaMarka : Dewalt Wkr\u0119tarka &#8211; zakr\u0119tarka bezprzewodowa udarowaMarka : Hitachi Wkr\u0119tarka bezprzewodowaMarka : Metabo Wkr\u0119tarka bezprzewodowaudarowaMarka : Metabo Wkr\u0119tarka &#8211; zakr\u0119tarka bezprzewodowa udarowaMarka : Metabo<\/p>\n","protected":false},"author":1,"featured_media":0,"parent":48,"menu_order":3,"comment_status":"closed","ping_status":"closed","template":"","meta":{"footnotes":""},"class_list":["post-334","page","type-page","status-publish","hentry"],"_links":{"self":[{"href":"https:\/\/kow-bud.com\/index.php\/wp-json\/wp\/v2\/pages\/334","targetHints":{"allow":["GET"]}}],"collection":[{"href":"https:\/\/kow-bud.com\/index.php\/wp-json\/wp\/v2\/pages"}],"about":[{"href":"https:\/\/kow-bud.com\/index.php\/wp-json\/wp\/v2\/types\/page"}],"author":[{"embeddable":true,"href":"https:\/\/kow-bud.com\/index.php\/wp-json\/wp\/v2\/users\/1"}],"replies":[{"embeddable":true,"href":"https:\/\/kow-bud.com\/index.php\/wp-json\/wp\/v2\/comments?post=334"}],"version-history":[{"count":3,"href":"https:\/\/kow-bud.com\/index.php\/wp-json\/wp\/v2\/pages\/334\/revisions"}],"predecessor-version":[{"id":346,"href":"https:\/\/kow-bud.com\/index.php\/wp-json\/wp\/v2\/pages\/334\/revisions\/346"}],"up":[{"embeddable":true,"href":"https:\/\/kow-bud.com\/index.php\/wp-json\/wp\/v2\/pages\/48"}],"wp:attachment":[{"href":"https:\/\/kow-bud.com\/index.php\/wp-json\/wp\/v2\/media?parent=334"}],"curies":[{"name":"wp","href":"https:\/\/api.w.org\/{rel}","templated":true}]}}