{"id":274,"date":"2024-12-29T20:28:52","date_gmt":"2024-12-29T19:28:52","guid":{"rendered":"https:\/\/kow-bud.com\/?page_id=274"},"modified":"2024-12-29T20:37:39","modified_gmt":"2024-12-29T19:37:39","slug":"mloty-wyburzeniowe","status":"publish","type":"page","link":"https:\/\/kow-bud.com\/index.php\/kow-bud\/mloty-wyburzeniowe\/","title":{"rendered":"M\u0142oty wyburzeniowe"},"content":{"rendered":"\n<div class=\"wp-block-columns is-layout-flex wp-container-core-columns-is-layout-28f84493 wp-block-columns-is-layout-flex\">\n<div class=\"wp-block-column is-layout-flow wp-block-column-is-layout-flow\">\n<p class=\"has-gradient-4-gradient-background has-background\">M\u0142ot wyburzeniowy<br>Marka : Dewalt<br><br><br><br><br><br><\/p>\n<\/div>\n\n\n\n<div class=\"wp-block-column is-layout-flow wp-block-column-is-layout-flow\">\n<figure class=\"wp-block-image size-full is-resized\"><img loading=\"lazy\" decoding=\"async\" width=\"225\" height=\"225\" src=\"https:\/\/kow-bud.com\/wp-content\/uploads\/2024\/12\/mlot-dewalt-1.jpeg\" alt=\"\" class=\"wp-image-276\" style=\"width:244px;height:auto\" srcset=\"https:\/\/kow-bud.com\/wp-content\/uploads\/2024\/12\/mlot-dewalt-1.jpeg 225w, https:\/\/kow-bud.com\/wp-content\/uploads\/2024\/12\/mlot-dewalt-1-150x150.jpeg 150w\" sizes=\"auto, (max-width: 225px) 100vw, 225px\" \/><\/figure>\n<\/div>\n<\/div>\n\n\n\n<div class=\"wp-block-columns is-layout-flex wp-container-core-columns-is-layout-28f84493 wp-block-columns-is-layout-flex\">\n<div class=\"wp-block-column has-gradient-4-gradient-background has-background is-layout-flow wp-block-column-is-layout-flow\">\n<p>M\u0142ot wyburzeniowy<br>Marka : Hitachi<\/p>\n<\/div>\n\n\n\n<div class=\"wp-block-column is-layout-flow wp-block-column-is-layout-flow\">\n<figure class=\"wp-block-image size-full is-resized\"><img loading=\"lazy\" decoding=\"async\" width=\"224\" height=\"224\" src=\"https:\/\/kow-bud.com\/wp-content\/uploads\/2024\/12\/mlott.jpeg\" alt=\"\" class=\"wp-image-277\" style=\"width:247px;height:auto\" srcset=\"https:\/\/kow-bud.com\/wp-content\/uploads\/2024\/12\/mlott.jpeg 224w, https:\/\/kow-bud.com\/wp-content\/uploads\/2024\/12\/mlott-150x150.jpeg 150w\" sizes=\"auto, (max-width: 224px) 100vw, 224px\" \/><\/figure>\n<\/div>\n<\/div>\n\n\n\n<div class=\"wp-block-columns is-layout-flex wp-container-core-columns-is-layout-28f84493 wp-block-columns-is-layout-flex\">\n<div class=\"wp-block-column has-gradient-4-gradient-background has-background is-layout-flow wp-block-column-is-layout-flow\">\n<p>M\u0142ot wyburzeniowy<br>Marka : Graphite<\/p>\n<\/div>\n\n\n\n<div class=\"wp-block-column is-layout-flow wp-block-column-is-layout-flow\">\n<figure class=\"wp-block-image size-full is-resized\"><img loading=\"lazy\" decoding=\"async\" width=\"308\" height=\"163\" src=\"https:\/\/kow-bud.com\/wp-content\/uploads\/2024\/12\/mlottt.jpeg\" alt=\"\" class=\"wp-image-282\" style=\"width:251px;height:auto\" srcset=\"https:\/\/kow-bud.com\/wp-content\/uploads\/2024\/12\/mlottt.jpeg 308w, https:\/\/kow-bud.com\/wp-content\/uploads\/2024\/12\/mlottt-300x159.jpeg 300w\" sizes=\"auto, (max-width: 308px) 100vw, 308px\" \/><\/figure>\n<\/div>\n<\/div>\n\n\n\n<div class=\"wp-block-columns is-layout-flex wp-container-core-columns-is-layout-28f84493 wp-block-columns-is-layout-flex\">\n<div class=\"wp-block-column is-layout-flow wp-block-column-is-layout-flow\">\n<p class=\"has-gradient-4-gradient-background has-background\">M\u0142ot wyburzeniowy<br>Marka : Hitachi<br>Waga : 11 kg<\/p>\n<\/div>\n\n\n\n<div class=\"wp-block-column is-layout-flow wp-block-column-is-layout-flow\">\n<figure class=\"wp-block-image size-full is-resized\"><img loading=\"lazy\" decoding=\"async\" width=\"347\" height=\"145\" src=\"https:\/\/kow-bud.com\/wp-content\/uploads\/2024\/12\/ml.jpeg\" alt=\"\" class=\"wp-image-285\" style=\"width:257px;height:auto\" srcset=\"https:\/\/kow-bud.com\/wp-content\/uploads\/2024\/12\/ml.jpeg 347w, https:\/\/kow-bud.com\/wp-content\/uploads\/2024\/12\/ml-300x125.jpeg 300w\" sizes=\"auto, (max-width: 347px) 100vw, 347px\" \/><\/figure>\n<\/div>\n<\/div>\n\n\n\n<div class=\"wp-block-columns is-layout-flex wp-container-core-columns-is-layout-28f84493 wp-block-columns-is-layout-flex\">\n<div class=\"wp-block-column is-layout-flow wp-block-column-is-layout-flow\">\n<p class=\"has-gradient-4-gradient-background has-background\">M\u0142ot wyburzeniowy<br>Marka : Makita<br>Waga : 7 kg<br><br><br><\/p>\n<\/div>\n\n\n\n<div class=\"wp-block-column is-layout-flow wp-block-column-is-layout-flow\">\n<figure class=\"wp-block-image size-full is-resized\"><img loading=\"lazy\" decoding=\"async\" width=\"244\" height=\"206\" src=\"https:\/\/kow-bud.com\/wp-content\/uploads\/2024\/12\/mloo.jpeg\" alt=\"\" class=\"wp-image-286\" style=\"width:255px;height:auto\"\/><\/figure>\n<\/div>\n<\/div>\n\n\n\n<div class=\"wp-block-columns is-layout-flex wp-container-core-columns-is-layout-28f84493 wp-block-columns-is-layout-flex\">\n<div class=\"wp-block-column is-layout-flow wp-block-column-is-layout-flow\">\n<p class=\"has-gradient-4-gradient-background has-background\">M\u0142ot wyburzeniowy<br>Marka : Dewalt<br>Waga : 7 kg<br><br><br><br><br><\/p>\n<\/div>\n\n\n\n<div class=\"wp-block-column is-layout-flow wp-block-column-is-layout-flow\">\n<figure class=\"wp-block-image size-full is-resized\"><img loading=\"lazy\" decoding=\"async\" width=\"225\" height=\"225\" src=\"https:\/\/kow-bud.com\/wp-content\/uploads\/2024\/12\/moooo.jpeg\" alt=\"\" class=\"wp-image-287\" style=\"width:258px;height:auto\" srcset=\"https:\/\/kow-bud.com\/wp-content\/uploads\/2024\/12\/moooo.jpeg 225w, https:\/\/kow-bud.com\/wp-content\/uploads\/2024\/12\/moooo-150x150.jpeg 150w\" sizes=\"auto, (max-width: 225px) 100vw, 225px\" \/><\/figure>\n<\/div>\n<\/div>\n\n\n\n<div class=\"wp-block-columns is-layout-flex wp-container-core-columns-is-layout-28f84493 wp-block-columns-is-layout-flex\">\n<div class=\"wp-block-column is-layout-flow wp-block-column-is-layout-flow\">\n<p class=\"has-gradient-4-gradient-background has-background\">M\u0142ot wyburzeniowy<br>Marka : Hitachi<br>Waga : 6 kg<br><br><br><br><br><br><br><br><\/p>\n<\/div>\n\n\n\n<div class=\"wp-block-column is-layout-flow wp-block-column-is-layout-flow\">\n<figure class=\"wp-block-image size-full is-resized\"><img loading=\"lazy\" decoding=\"async\" width=\"197\" height=\"255\" src=\"https:\/\/kow-bud.com\/wp-content\/uploads\/2024\/12\/mlotttt.jpeg\" alt=\"\" class=\"wp-image-289\" style=\"width:264px;height:auto\"\/><\/figure>\n<\/div>\n<\/div>\n\n\n\n<div class=\"wp-block-columns is-layout-flex wp-container-core-columns-is-layout-28f84493 wp-block-columns-is-layout-flex\">\n<div class=\"wp-block-column is-layout-flow wp-block-column-is-layout-flow\">\n<p class=\"has-gradient-4-gradient-background has-background\">M\u0142ot wyburzeniowy<br>Marka : Bosch<br>Waga : 5 kg<\/p>\n<\/div>\n\n\n\n<div class=\"wp-block-column is-layout-flow wp-block-column-is-layout-flow\">\n<figure class=\"wp-block-image size-full is-resized\"><img loading=\"lazy\" decoding=\"async\" width=\"318\" height=\"159\" src=\"https:\/\/kow-bud.com\/wp-content\/uploads\/2024\/12\/mloooo.jpeg\" alt=\"\" class=\"wp-image-290\" style=\"width:264px;height:auto\" srcset=\"https:\/\/kow-bud.com\/wp-content\/uploads\/2024\/12\/mloooo.jpeg 318w, https:\/\/kow-bud.com\/wp-content\/uploads\/2024\/12\/mloooo-300x150.jpeg 300w\" sizes=\"auto, (max-width: 318px) 100vw, 318px\" \/><\/figure>\n<\/div>\n<\/div>\n\n\n\n<div class=\"wp-block-columns is-layout-flex wp-container-core-columns-is-layout-28f84493 wp-block-columns-is-layout-flex\">\n<div class=\"wp-block-column is-layout-flow wp-block-column-is-layout-flow\">\n<p class=\"has-gradient-4-gradient-background has-background\">M\u0142ot wyburzeniowy<br>Marka : Hilti<br>Waga : 5 kg<\/p>\n<\/div>\n\n\n\n<div class=\"wp-block-column is-layout-flow wp-block-column-is-layout-flow\">\n<figure class=\"wp-block-image size-full is-resized\"><img loading=\"lazy\" decoding=\"async\" width=\"314\" height=\"160\" src=\"https:\/\/kow-bud.com\/wp-content\/uploads\/2024\/12\/mlooo.jpeg\" alt=\"\" class=\"wp-image-292\" style=\"width:265px;height:auto\" srcset=\"https:\/\/kow-bud.com\/wp-content\/uploads\/2024\/12\/mlooo.jpeg 314w, https:\/\/kow-bud.com\/wp-content\/uploads\/2024\/12\/mlooo-300x153.jpeg 300w\" sizes=\"auto, (max-width: 314px) 100vw, 314px\" \/><\/figure>\n<\/div>\n<\/div>\n\n\n\n<p><\/p>\n","protected":false},"excerpt":{"rendered":"<p>M\u0142ot wyburzeniowyMarka : Dewalt M\u0142ot wyburzeniowyMarka : Hitachi M\u0142ot wyburzeniowyMarka : Graphite M\u0142ot wyburzeniowyMarka : HitachiWaga : 11 kg M\u0142ot wyburzeniowyMarka : MakitaWaga : 7 kg M\u0142ot wyburzeniowyMarka : DewaltWaga : 7 kg M\u0142ot wyburzeniowyMarka : HitachiWaga : 6 kg M\u0142ot wyburzeniowyMarka : BoschWaga : 5 kg M\u0142ot wyburzeniowyMarka : HiltiWaga : 5 kg<\/p>\n","protected":false},"author":1,"featured_media":0,"parent":48,"menu_order":3,"comment_status":"closed","ping_status":"closed","template":"","meta":{"footnotes":""},"class_list":["post-274","page","type-page","status-publish","hentry"],"_links":{"self":[{"href":"https:\/\/kow-bud.com\/index.php\/wp-json\/wp\/v2\/pages\/274","targetHints":{"allow":["GET"]}}],"collection":[{"href":"https:\/\/kow-bud.com\/index.php\/wp-json\/wp\/v2\/pages"}],"about":[{"href":"https:\/\/kow-bud.com\/index.php\/wp-json\/wp\/v2\/types\/page"}],"author":[{"embeddable":true,"href":"https:\/\/kow-bud.com\/index.php\/wp-json\/wp\/v2\/users\/1"}],"replies":[{"embeddable":true,"href":"https:\/\/kow-bud.com\/index.php\/wp-json\/wp\/v2\/comments?post=274"}],"version-history":[{"count":5,"href":"https:\/\/kow-bud.com\/index.php\/wp-json\/wp\/v2\/pages\/274\/revisions"}],"predecessor-version":[{"id":293,"href":"https:\/\/kow-bud.com\/index.php\/wp-json\/wp\/v2\/pages\/274\/revisions\/293"}],"up":[{"embeddable":true,"href":"https:\/\/kow-bud.com\/index.php\/wp-json\/wp\/v2\/pages\/48"}],"wp:attachment":[{"href":"https:\/\/kow-bud.com\/index.php\/wp-json\/wp\/v2\/media?parent=274"}],"curies":[{"name":"wp","href":"https:\/\/api.w.org\/{rel}","templated":true}]}}