{"id":253,"date":"2024-12-29T10:56:46","date_gmt":"2024-12-29T09:56:46","guid":{"rendered":"https:\/\/kow-bud.com\/?page_id=253"},"modified":"2024-12-29T10:57:24","modified_gmt":"2024-12-29T09:57:24","slug":"przecinarka-do-betonu-bruzdownica","status":"publish","type":"page","link":"https:\/\/kow-bud.com\/index.php\/kow-bud\/przecinarka-do-betonu-bruzdownica\/","title":{"rendered":"Przecinarka do betonu \/ Bruzdownica"},"content":{"rendered":"\n<div class=\"wp-block-columns is-layout-flex wp-container-core-columns-is-layout-28f84493 wp-block-columns-is-layout-flex\">\n<div class=\"wp-block-column has-gradient-4-gradient-background has-background is-layout-flow wp-block-column-is-layout-flow\">\n<p>Przecinarka do betonu <br>Marka : Stihl<br>\u015arednica tarczy : 350 mm <br>Paliwo : benzyna + olej <\/p>\n<\/div>\n\n\n\n<div class=\"wp-block-column is-layout-flow wp-block-column-is-layout-flow\">\n<figure class=\"wp-block-image size-full\"><img loading=\"lazy\" decoding=\"async\" width=\"318\" height=\"159\" src=\"https:\/\/kow-bud.com\/wp-content\/uploads\/2024\/12\/przecinarka.jpeg\" alt=\"\" class=\"wp-image-255\" srcset=\"https:\/\/kow-bud.com\/wp-content\/uploads\/2024\/12\/przecinarka.jpeg 318w, https:\/\/kow-bud.com\/wp-content\/uploads\/2024\/12\/przecinarka-300x150.jpeg 300w\" sizes=\"auto, (max-width: 318px) 100vw, 318px\" \/><\/figure>\n<\/div>\n<\/div>\n\n\n\n<div class=\"wp-block-columns is-layout-flex wp-container-core-columns-is-layout-28f84493 wp-block-columns-is-layout-flex\">\n<div class=\"wp-block-column has-gradient-4-gradient-background has-background is-layout-flow wp-block-column-is-layout-flow\">\n<p>Przecinarka do betonu<br>Marka : Hilti<br>\u015arednica tarczy : 300 mm <br>Elektryczna <\/p>\n<\/div>\n\n\n\n<div class=\"wp-block-column is-layout-flow wp-block-column-is-layout-flow\">\n<figure class=\"wp-block-image size-full\"><img loading=\"lazy\" decoding=\"async\" width=\"318\" height=\"158\" src=\"https:\/\/kow-bud.com\/wp-content\/uploads\/2024\/12\/przecina.jpeg\" alt=\"\" class=\"wp-image-256\" srcset=\"https:\/\/kow-bud.com\/wp-content\/uploads\/2024\/12\/przecina.jpeg 318w, https:\/\/kow-bud.com\/wp-content\/uploads\/2024\/12\/przecina-300x149.jpeg 300w\" sizes=\"auto, (max-width: 318px) 100vw, 318px\" \/><\/figure>\n<\/div>\n<\/div>\n\n\n\n<div class=\"wp-block-columns is-layout-flex wp-container-core-columns-is-layout-28f84493 wp-block-columns-is-layout-flex\">\n<div class=\"wp-block-column has-gradient-4-gradient-background has-background is-layout-flow wp-block-column-is-layout-flow\">\n<p>Bruzdownica<br>Marka : Bosch<br>\u015arednica tarczy : 150 mm<\/p>\n<\/div>\n\n\n\n<div class=\"wp-block-column is-layout-flow wp-block-column-is-layout-flow\">\n<figure class=\"wp-block-image size-full is-resized\"><img loading=\"lazy\" decoding=\"async\" width=\"225\" height=\"225\" src=\"https:\/\/kow-bud.com\/wp-content\/uploads\/2024\/12\/bruzdownica.jpeg\" alt=\"\" class=\"wp-image-259\" style=\"width:300px;height:auto\" srcset=\"https:\/\/kow-bud.com\/wp-content\/uploads\/2024\/12\/bruzdownica.jpeg 225w, https:\/\/kow-bud.com\/wp-content\/uploads\/2024\/12\/bruzdownica-150x150.jpeg 150w\" sizes=\"auto, (max-width: 225px) 100vw, 225px\" \/><\/figure>\n<\/div>\n<\/div>\n\n\n\n<p><\/p>\n","protected":false},"excerpt":{"rendered":"<p>Przecinarka do betonu Marka : Stihl\u015arednica tarczy : 350 mm Paliwo : benzyna + olej Przecinarka do betonuMarka : Hilti\u015arednica tarczy : 300 mm Elektryczna BruzdownicaMarka : Bosch\u015arednica tarczy : 150 mm<\/p>\n","protected":false},"author":1,"featured_media":0,"parent":48,"menu_order":3,"comment_status":"closed","ping_status":"closed","template":"","meta":{"footnotes":""},"class_list":["post-253","page","type-page","status-publish","hentry"],"_links":{"self":[{"href":"https:\/\/kow-bud.com\/index.php\/wp-json\/wp\/v2\/pages\/253","targetHints":{"allow":["GET"]}}],"collection":[{"href":"https:\/\/kow-bud.com\/index.php\/wp-json\/wp\/v2\/pages"}],"about":[{"href":"https:\/\/kow-bud.com\/index.php\/wp-json\/wp\/v2\/types\/page"}],"author":[{"embeddable":true,"href":"https:\/\/kow-bud.com\/index.php\/wp-json\/wp\/v2\/users\/1"}],"replies":[{"embeddable":true,"href":"https:\/\/kow-bud.com\/index.php\/wp-json\/wp\/v2\/comments?post=253"}],"version-history":[{"count":3,"href":"https:\/\/kow-bud.com\/index.php\/wp-json\/wp\/v2\/pages\/253\/revisions"}],"predecessor-version":[{"id":262,"href":"https:\/\/kow-bud.com\/index.php\/wp-json\/wp\/v2\/pages\/253\/revisions\/262"}],"up":[{"embeddable":true,"href":"https:\/\/kow-bud.com\/index.php\/wp-json\/wp\/v2\/pages\/48"}],"wp:attachment":[{"href":"https:\/\/kow-bud.com\/index.php\/wp-json\/wp\/v2\/media?parent=253"}],"curies":[{"name":"wp","href":"https:\/\/api.w.org\/{rel}","templated":true}]}}