{"id":246,"date":"2024-12-29T10:46:05","date_gmt":"2024-12-29T09:46:05","guid":{"rendered":"https:\/\/kow-bud.com\/?page_id=246"},"modified":"2024-12-29T10:46:26","modified_gmt":"2024-12-29T09:46:26","slug":"sprezarki","status":"publish","type":"page","link":"https:\/\/kow-bud.com\/index.php\/kow-bud\/sprezarki\/","title":{"rendered":"Spr\u0119\u017carki"},"content":{"rendered":"\n<div class=\"wp-block-columns is-layout-flex wp-container-core-columns-is-layout-28f84493 wp-block-columns-is-layout-flex\">\n<div class=\"wp-block-column has-gradient-4-gradient-background has-background is-layout-flow wp-block-column-is-layout-flow\">\n<p>Spr\u0119\u017carka <br>Pojemno\u015b\u0107 : 200 l<br>10 Bar<br>Olejowa<\/p>\n<\/div>\n\n\n\n<div class=\"wp-block-column is-layout-flow wp-block-column-is-layout-flow\">\n<figure class=\"wp-block-image size-full\"><img loading=\"lazy\" decoding=\"async\" width=\"227\" height=\"222\" src=\"https:\/\/kow-bud.com\/wp-content\/uploads\/2024\/12\/kompresor.jpeg\" alt=\"\" class=\"wp-image-248\"\/><\/figure>\n<\/div>\n<\/div>\n\n\n\n<div class=\"wp-block-columns is-layout-flex wp-container-core-columns-is-layout-28f84493 wp-block-columns-is-layout-flex\">\n<div class=\"wp-block-column has-gradient-4-gradient-background has-background is-layout-flow wp-block-column-is-layout-flow\">\n<p>Spr\u0119\u017carka <br>Pojemno\u015b\u0107 : 50 l <br>10 Bar<br>Bezolejowa<br>Dwut\u0142okowa<\/p>\n<\/div>\n\n\n\n<div class=\"wp-block-column is-layout-flow wp-block-column-is-layout-flow\">\n<figure class=\"wp-block-image size-full\"><img loading=\"lazy\" decoding=\"async\" width=\"225\" height=\"225\" src=\"https:\/\/kow-bud.com\/wp-content\/uploads\/2024\/12\/spre.jpeg\" alt=\"\" class=\"wp-image-249\" srcset=\"https:\/\/kow-bud.com\/wp-content\/uploads\/2024\/12\/spre.jpeg 225w, https:\/\/kow-bud.com\/wp-content\/uploads\/2024\/12\/spre-150x150.jpeg 150w\" sizes=\"auto, (max-width: 225px) 100vw, 225px\" \/><\/figure>\n<\/div>\n<\/div>\n\n\n\n<div class=\"wp-block-columns is-layout-flex wp-container-core-columns-is-layout-28f84493 wp-block-columns-is-layout-flex\">\n<div class=\"wp-block-column is-layout-flow wp-block-column-is-layout-flow\">\n<p class=\"has-gradient-4-gradient-background has-background\">Spr\u0119\u017carka <br>Pojemno\u015b\u0107 : 5 l <br>10 Bar<br>Bezolejowa<\/p>\n\n\n\n<p><\/p>\n<\/div>\n\n\n\n<div class=\"wp-block-column is-layout-flow wp-block-column-is-layout-flow\">\n<figure class=\"wp-block-image size-full\"><img loading=\"lazy\" decoding=\"async\" width=\"225\" height=\"225\" src=\"https:\/\/kow-bud.com\/wp-content\/uploads\/2024\/12\/kompresor-5l.jpeg\" alt=\"\" class=\"wp-image-250\" srcset=\"https:\/\/kow-bud.com\/wp-content\/uploads\/2024\/12\/kompresor-5l.jpeg 225w, https:\/\/kow-bud.com\/wp-content\/uploads\/2024\/12\/kompresor-5l-150x150.jpeg 150w\" sizes=\"auto, (max-width: 225px) 100vw, 225px\" \/><\/figure>\n<\/div>\n<\/div>\n\n\n\n<p><\/p>\n","protected":false},"excerpt":{"rendered":"<p>Spr\u0119\u017carka Pojemno\u015b\u0107 : 200 l10 BarOlejowa Spr\u0119\u017carka Pojemno\u015b\u0107 : 50 l 10 BarBezolejowaDwut\u0142okowa Spr\u0119\u017carka Pojemno\u015b\u0107 : 5 l 10 BarBezolejowa<\/p>\n","protected":false},"author":1,"featured_media":0,"parent":48,"menu_order":3,"comment_status":"closed","ping_status":"closed","template":"","meta":{"footnotes":""},"class_list":["post-246","page","type-page","status-publish","hentry"],"_links":{"self":[{"href":"https:\/\/kow-bud.com\/index.php\/wp-json\/wp\/v2\/pages\/246","targetHints":{"allow":["GET"]}}],"collection":[{"href":"https:\/\/kow-bud.com\/index.php\/wp-json\/wp\/v2\/pages"}],"about":[{"href":"https:\/\/kow-bud.com\/index.php\/wp-json\/wp\/v2\/types\/page"}],"author":[{"embeddable":true,"href":"https:\/\/kow-bud.com\/index.php\/wp-json\/wp\/v2\/users\/1"}],"replies":[{"embeddable":true,"href":"https:\/\/kow-bud.com\/index.php\/wp-json\/wp\/v2\/comments?post=246"}],"version-history":[{"count":1,"href":"https:\/\/kow-bud.com\/index.php\/wp-json\/wp\/v2\/pages\/246\/revisions"}],"predecessor-version":[{"id":251,"href":"https:\/\/kow-bud.com\/index.php\/wp-json\/wp\/v2\/pages\/246\/revisions\/251"}],"up":[{"embeddable":true,"href":"https:\/\/kow-bud.com\/index.php\/wp-json\/wp\/v2\/pages\/48"}],"wp:attachment":[{"href":"https:\/\/kow-bud.com\/index.php\/wp-json\/wp\/v2\/media?parent=246"}],"curies":[{"name":"wp","href":"https:\/\/api.w.org\/{rel}","templated":true}]}}