{"id":207,"date":"2024-12-29T09:46:27","date_gmt":"2024-12-29T08:46:27","guid":{"rendered":"https:\/\/kow-bud.com\/?page_id=207"},"modified":"2024-12-29T10:37:07","modified_gmt":"2024-12-29T09:37:07","slug":"swider-spalinowy","status":"publish","type":"page","link":"https:\/\/kow-bud.com\/index.php\/kow-bud\/swider-spalinowy\/","title":{"rendered":"\u015awider spalinowy \/ R\u0119czny"},"content":{"rendered":"\n<div class=\"wp-block-columns is-layout-flex wp-container-core-columns-is-layout-28f84493 wp-block-columns-is-layout-flex\">\n<div class=\"wp-block-column has-gradient-4-gradient-background has-background is-layout-flow wp-block-column-is-layout-flow\">\n<p>\u015awider Spalinowy<br>Marka : Nac<br>Wiertnice : 10 , 20 , 30 cm<br>Paliwo : benzyna + olej<\/p>\n<\/div>\n\n\n\n<div class=\"wp-block-column is-layout-flow wp-block-column-is-layout-flow\">\n<figure class=\"wp-block-image size-full is-resized\"><img loading=\"lazy\" decoding=\"async\" width=\"225\" height=\"225\" src=\"https:\/\/kow-bud.com\/wp-content\/uploads\/2024\/12\/wiertnica-nac.jpeg\" alt=\"\" class=\"wp-image-209\" style=\"width:259px;height:auto\" srcset=\"https:\/\/kow-bud.com\/wp-content\/uploads\/2024\/12\/wiertnica-nac.jpeg 225w, https:\/\/kow-bud.com\/wp-content\/uploads\/2024\/12\/wiertnica-nac-150x150.jpeg 150w\" sizes=\"auto, (max-width: 225px) 100vw, 225px\" \/><\/figure>\n<\/div>\n<\/div>\n\n\n\n<div class=\"wp-block-columns is-layout-flex wp-container-core-columns-is-layout-28f84493 wp-block-columns-is-layout-flex\">\n<div class=\"wp-block-column has-gradient-4-gradient-background has-background is-layout-flow wp-block-column-is-layout-flow\">\n<p>\u015awider Spalinowy <br>Marka : AW<br>Wiertnice : 8 , 10 , 20 cm<br>Paliwo : benzyna + olej<\/p>\n<\/div>\n\n\n\n<div class=\"wp-block-column is-layout-flow wp-block-column-is-layout-flow\">\n<figure class=\"wp-block-image size-full is-resized\"><img loading=\"lazy\" decoding=\"async\" width=\"225\" height=\"225\" src=\"https:\/\/kow-bud.com\/wp-content\/uploads\/2024\/12\/swider-aw.jpeg\" alt=\"\" class=\"wp-image-210\" style=\"width:262px;height:auto\" srcset=\"https:\/\/kow-bud.com\/wp-content\/uploads\/2024\/12\/swider-aw.jpeg 225w, https:\/\/kow-bud.com\/wp-content\/uploads\/2024\/12\/swider-aw-150x150.jpeg 150w\" sizes=\"auto, (max-width: 225px) 100vw, 225px\" \/><\/figure>\n<\/div>\n<\/div>\n\n\n\n<div class=\"wp-block-columns is-layout-flex wp-container-core-columns-is-layout-28f84493 wp-block-columns-is-layout-flex\">\n<div class=\"wp-block-column has-gradient-4-gradient-background has-background is-layout-flow wp-block-column-is-layout-flow\">\n<p>\u015awider R\u0119czny <br>Marka : Fiskars<br>\u015arednica : 25 cm <\/p>\n<\/div>\n\n\n\n<div class=\"wp-block-column is-layout-flow wp-block-column-is-layout-flow\">\n<figure class=\"wp-block-image size-full is-resized\"><img loading=\"lazy\" decoding=\"async\" width=\"251\" height=\"201\" src=\"https:\/\/kow-bud.com\/wp-content\/uploads\/2024\/12\/swider-reczny.jpeg\" alt=\"\" class=\"wp-image-211\" style=\"width:266px;height:auto\"\/><\/figure>\n<\/div>\n<\/div>\n","protected":false},"excerpt":{"rendered":"<p>\u015awider SpalinowyMarka : NacWiertnice : 10 , 20 , 30 cmPaliwo : benzyna + olej \u015awider Spalinowy Marka : AWWiertnice : 8 , 10 , 20 cmPaliwo : benzyna + olej \u015awider R\u0119czny Marka : Fiskars\u015arednica : 25 cm<\/p>\n","protected":false},"author":1,"featured_media":0,"parent":48,"menu_order":3,"comment_status":"closed","ping_status":"closed","template":"","meta":{"footnotes":""},"class_list":["post-207","page","type-page","status-publish","hentry"],"_links":{"self":[{"href":"https:\/\/kow-bud.com\/index.php\/wp-json\/wp\/v2\/pages\/207","targetHints":{"allow":["GET"]}}],"collection":[{"href":"https:\/\/kow-bud.com\/index.php\/wp-json\/wp\/v2\/pages"}],"about":[{"href":"https:\/\/kow-bud.com\/index.php\/wp-json\/wp\/v2\/types\/page"}],"author":[{"embeddable":true,"href":"https:\/\/kow-bud.com\/index.php\/wp-json\/wp\/v2\/users\/1"}],"replies":[{"embeddable":true,"href":"https:\/\/kow-bud.com\/index.php\/wp-json\/wp\/v2\/comments?post=207"}],"version-history":[{"count":5,"href":"https:\/\/kow-bud.com\/index.php\/wp-json\/wp\/v2\/pages\/207\/revisions"}],"predecessor-version":[{"id":244,"href":"https:\/\/kow-bud.com\/index.php\/wp-json\/wp\/v2\/pages\/207\/revisions\/244"}],"up":[{"embeddable":true,"href":"https:\/\/kow-bud.com\/index.php\/wp-json\/wp\/v2\/pages\/48"}],"wp:attachment":[{"href":"https:\/\/kow-bud.com\/index.php\/wp-json\/wp\/v2\/media?parent=207"}],"curies":[{"name":"wp","href":"https:\/\/api.w.org\/{rel}","templated":true}]}}