{"id":151,"date":"2024-12-28T17:31:14","date_gmt":"2024-12-28T16:31:14","guid":{"rendered":"https:\/\/kow-bud.com\/?page_id=151"},"modified":"2024-12-29T10:35:50","modified_gmt":"2024-12-29T09:35:50","slug":"lata-wibracyjna","status":"publish","type":"page","link":"https:\/\/kow-bud.com\/index.php\/kow-bud\/lata-wibracyjna\/","title":{"rendered":"\u0141ata wibracyjna \/ Wibrator do betonu"},"content":{"rendered":"\n<div class=\"wp-block-columns is-layout-flex wp-container-core-columns-is-layout-28f84493 wp-block-columns-is-layout-flex\">\n<div class=\"wp-block-column has-background is-layout-flow wp-block-column-is-layout-flow\" style=\"background:linear-gradient(180deg,rgb(177,197,164) 49%,rgb(249,249,249) 100%)\">\n<p>\u0141ata wibracyjna<br>Marka : Honda<br>D\u0142ugo\u015b\u0107 : 2,50 m<\/p>\n<\/div>\n\n\n\n<div class=\"wp-block-column is-layout-flow wp-block-column-is-layout-flow\">\n<figure class=\"wp-block-image size-full\"><img loading=\"lazy\" decoding=\"async\" width=\"225\" height=\"225\" src=\"https:\/\/kow-bud.com\/wp-content\/uploads\/2024\/12\/lata-wibr.jpeg\" alt=\"\" class=\"wp-image-152\" srcset=\"https:\/\/kow-bud.com\/wp-content\/uploads\/2024\/12\/lata-wibr.jpeg 225w, https:\/\/kow-bud.com\/wp-content\/uploads\/2024\/12\/lata-wibr-150x150.jpeg 150w\" sizes=\"auto, (max-width: 225px) 100vw, 225px\" \/><\/figure>\n<\/div>\n<\/div>\n\n\n\n<div class=\"wp-block-columns is-layout-flex wp-container-core-columns-is-layout-28f84493 wp-block-columns-is-layout-flex\">\n<div class=\"wp-block-column is-layout-flow wp-block-column-is-layout-flow\">\n<p class=\"has-gradient-4-gradient-background has-background\">Wibrator do betonu <\/p>\n<\/div>\n\n\n\n<div class=\"wp-block-column is-layout-flow wp-block-column-is-layout-flow\">\n<figure class=\"wp-block-image size-full\"><img loading=\"lazy\" decoding=\"async\" width=\"225\" height=\"225\" src=\"https:\/\/kow-bud.com\/wp-content\/uploads\/2024\/12\/wibrator-do-betonu.jpeg\" alt=\"\" class=\"wp-image-241\" srcset=\"https:\/\/kow-bud.com\/wp-content\/uploads\/2024\/12\/wibrator-do-betonu.jpeg 225w, https:\/\/kow-bud.com\/wp-content\/uploads\/2024\/12\/wibrator-do-betonu-150x150.jpeg 150w\" sizes=\"auto, (max-width: 225px) 100vw, 225px\" \/><\/figure>\n<\/div>\n<\/div>\n","protected":false},"excerpt":{"rendered":"<p>\u0141ata wibracyjnaMarka : HondaD\u0142ugo\u015b\u0107 : 2,50 m Wibrator do betonu<\/p>\n","protected":false},"author":1,"featured_media":0,"parent":48,"menu_order":3,"comment_status":"closed","ping_status":"closed","template":"","meta":{"footnotes":""},"class_list":["post-151","page","type-page","status-publish","hentry"],"_links":{"self":[{"href":"https:\/\/kow-bud.com\/index.php\/wp-json\/wp\/v2\/pages\/151","targetHints":{"allow":["GET"]}}],"collection":[{"href":"https:\/\/kow-bud.com\/index.php\/wp-json\/wp\/v2\/pages"}],"about":[{"href":"https:\/\/kow-bud.com\/index.php\/wp-json\/wp\/v2\/types\/page"}],"author":[{"embeddable":true,"href":"https:\/\/kow-bud.com\/index.php\/wp-json\/wp\/v2\/users\/1"}],"replies":[{"embeddable":true,"href":"https:\/\/kow-bud.com\/index.php\/wp-json\/wp\/v2\/comments?post=151"}],"version-history":[{"count":4,"href":"https:\/\/kow-bud.com\/index.php\/wp-json\/wp\/v2\/pages\/151\/revisions"}],"predecessor-version":[{"id":242,"href":"https:\/\/kow-bud.com\/index.php\/wp-json\/wp\/v2\/pages\/151\/revisions\/242"}],"up":[{"embeddable":true,"href":"https:\/\/kow-bud.com\/index.php\/wp-json\/wp\/v2\/pages\/48"}],"wp:attachment":[{"href":"https:\/\/kow-bud.com\/index.php\/wp-json\/wp\/v2\/media?parent=151"}],"curies":[{"name":"wp","href":"https:\/\/api.w.org\/{rel}","templated":true}]}}